{"id":1626,"date":"2024-03-26T15:53:12","date_gmt":"2024-03-26T14:53:12","guid":{"rendered":"https:\/\/camping-la-vallee-des-vignes.com\/rechtliche-hinweise\/"},"modified":"2024-06-20T10:11:49","modified_gmt":"2024-06-20T08:11:49","slug":"rechtliche-hinweise","status":"publish","type":"page","link":"https:\/\/camping-la-vallee-des-vignes.com\/de\/rechtliche-hinweise\/","title":{"rendered":"Rechtliche Hinweise"},"content":{"rendered":"<section id=\"ls-section-block_214d32547446aceaa56fd7e90598c666\" class=\"ls-section \" >\r\n        <div class=\"container \">\r\n        \n\n<h1 class=\"ls__heading wp-block-heading\">Rechtliche Hinweise<\/h1>\n\n\n\n<h2 class=\"ls__heading wp-block-heading\">Verantwortlich f\u00fcr die Website<\/h2>\n\n\n\n<p class=\"ls-paragraph\"><strong>CAMPING LA VALLEE DES VIGNES<br\/><\/strong>Adresse: LIEUDIT LA CROIX PATRO 2 RTE DE MEAT 49700 DOUE-EN-ANJOU<br\/>Tel. : +33 (0)2 41 59 86 35<br\/>E-Mail: infos@camping-la-vallee-des-vignes.com<br\/>SIRET: 980 768 345 00012<br\/>Intrakommunale Mehrwertsteuer: FR70 980 768 345<br\/>Verantwortlich f\u00fcr die Ver\u00f6ffentlichung: Delphine Bonnemaille<\/p>\n\n\n\n<h2 class=\"ls__heading wp-block-heading\">REALISIERUNG<\/h2>\n\n\n\n<p class=\"ls-paragraph\"><strong>GEEK TONIC<\/strong><br\/>Vertreten durch Herrn Yohan Darmayan in seiner Eigenschaft als Gesch\u00e4ftsf\u00fchrer<br\/>Eingetragener Sitz: 50 avenue du Lac Marion, 64200 Biarritz<br\/>Tel.: +33 5 32 74 11 52<br\/>E-Mail: support@geek-tonic.com<br\/>Website: <a href=\"https:\/\/www.geek-tonic.com\/\">www.geek-tonic.com<\/a><br\/>SIRET: 89746755100015<br\/>APE: 6201Z<\/p>\n\n\n\n<h2 class=\"ls__heading wp-block-heading\">URHEBERRECHT UND COPYRIGHTS<\/h2>\n\n\n\n<p class=\"ls-paragraph\">Der gesamte Inhalt dieser Website unterliegt dem Urheberrecht und dem geistigen Eigentum der franz\u00f6sischen Gesetzgebung. Die Vervielf\u00e4ltigung der gesamten oder eines Teils der Website in Papierform oder in elektronischer Form auf einem elektronischen Datentr\u00e4ger ist verboten. GEEK TONIC \u00fcbernimmt keine Verantwortung f\u00fcr den Inhalt auf der Website. GEEK TONIC \u00fcbernimmt auch keine Verantwortung f\u00fcr externe Links, die auf diese Website verweisen.<\/p>\n\n\n\n<h3 class=\"ls__heading wp-block-heading\">Fotos<\/h3>\n\n\n\n<p class=\"ls-paragraph\">Die auf dieser Website verwendeten Bilder und Fotografien unterliegen dem Urheberrecht und werden mit Genehmigung der jeweiligen Inhaber dieser Rechte verwendet. Die meisten Fotos auf der Website <a href=\"https:\/\/camping-la-vallee-des-vignes.com\/de\/\">https:\/\/camping-la-vallee-des-vignes.com<\/a> sind Eigentum des Campingplatzes La Vall\u00e9e des Vignes oder der Webagentur Geek Tonic.<\/p>\n\n\n\n<ul class=\"ls-list wp-block-list\">\n<li>Die Fotos, die Eigentum des Campingplatzes La Vall\u00e9e des Vignes sind, d\u00fcrfen ohne vorherige schriftliche Genehmigung des Campingplatzes nicht reproduziert, ver\u00e4ndert, \u00fcbertragen oder in irgendeiner Weise wiederverwendet werden.<\/li>\n\n\n\n<li>Einige Fotos wurden von Geek Tonic zur Verf\u00fcgung gestellt und werden von Camping La Vall\u00e9e des Vignes mit Genehmigung verwendet. Die Weiterverwendung dieser Bilder durch Dritte ist ohne ausdr\u00fcckliche Genehmigung von Geek Tonic strengstens untersagt.<\/li>\n<\/ul>\n\n\n\n<h3 class=\"ls__heading wp-block-heading\">Symbole<\/h3>\n\n\n\n<p class=\"ls-paragraph\">Die Ikonen auf der Website sind das ausschlie\u00dfliche Eigentum von Geek Tonic, der die Nutzungsrechte an Camping La Vall\u00e9e des Vignes im Rahmen seiner T\u00e4tigkeit und f\u00fcr eine strikt an die Website gebundene Nutzung \u00fcbertr\u00e4gt. Die Vervielf\u00e4ltigung, Nutzung, \u00c4nderung oder Verbreitung der Symbole ohne die vorherige schriftliche Genehmigung von Geek Tonic ist strengstens untersagt.<\/p>\n\n\n\n<h3 class=\"ls__heading wp-block-heading\">Herunterladbare Dokumente<\/h3>\n\n\n\n<p class=\"ls-paragraph\">Die herunterladbaren Dokumente auf dieser Website sind Eigentum des Campingplatzes La Vall\u00e9e des Vignes. Diese Dokumente k\u00f6nnen von den Nutzern der Website zu Informationszwecken und ausschlie\u00dflich f\u00fcr den pers\u00f6nlichen Gebrauch zum Herunterladen zur Verf\u00fcgung gestellt werden. Jede andere Verwendung, \u00c4nderung, Verteilung oder Vervielf\u00e4ltigung dieser Dokumente in jeglicher Form ist ohne vorherige schriftliche Genehmigung des Campingplatzes La Vall\u00e9e des Vignes strengstens untersagt.<\/p>\n\n\n\n<p class=\"ls-paragraph\">Wenn Sie um Erlaubnis bitten oder eine nicht autorisierte Nutzung des Materials auf unserer Website melden m\u00f6chten, wenden Sie sich bitte an Camping La Vall\u00e9e des Vignes \u00fcber die Kontaktdaten, die im Abschnitt &#8222;Kontakt&#8220; des Impressums angegeben sind.<\/p>\n\n\n\n<h2 class=\"ls__heading wp-block-heading\" id=\"m-t-6\">PERS\u00d6NLICHE DATEN UND NAMENTLICHE INFORMATIONEN<\/h2>\n\n\n\n<p class=\"ls-paragraph\">Sie haben ein Recht auf Zugang, \u00c4nderung, Berichtigung und L\u00f6schung der Sie betreffenden Daten gem\u00e4\u00df Artikel 34 des Gesetzes &#8222;Informatique et Libert\u00e9s&#8220; Nr. 78-17 vom 6. Januar 1978, ge\u00e4ndert am 6. August 2018. Um dieses Zugangsrecht auszu\u00fcben, k\u00f6nnen Sie eine einfache schriftliche Anfrage an den Herausgeber der Website richten.<\/p>\n\n\n\n<h2 class=\"ls__heading wp-block-heading\">LEGISLATION<\/h2>\n\n\n\n<p class=\"ls-paragraph\">Gem\u00e4\u00df dem Gesetz vom 11. M\u00e4rz 1957 (Art. 41) und dem Gesetzbuch \u00fcber geistiges Eigentum vom 1. Juli 1992 ist es verboten, einen Teil der Website ohne vorherige Genehmigung des Herausgebers der Website teilweise oder vollst\u00e4ndig zu reproduzieren. Die Logos, Bilder, Fotos, Videos, Grafiken und Texte sind Eigentum ihrer jeweiligen Besitzer. Diese Website kann ohne ihr Wissen mit anderen Websites durch Hypermedia-Links verbunden sein. Der Herausgeber der Website \u00fcbernimmt keine Verantwortung f\u00fcr die Informationen auf diesen anderen Websites. Der Internetnutzer erkennt an, dass die Nutzung dieser Website dem franz\u00f6sischen Recht unterliegt.<\/p>\n\n\r\n    <\/div>\r\n<\/section>","protected":false},"excerpt":{"rendered":"","protected":false},"author":4,"featured_media":1627,"parent":0,"menu_order":0,"comment_status":"closed","ping_status":"closed","template":"","meta":{"_acf_changed":false,"inline_featured_image":false,"footnotes":""},"sujet":[],"class_list":["post-1626","page","type-page","status-publish","has-post-thumbnail","hentry"],"acf":[],"yoast_head":"<!-- This site is optimized with the Yoast SEO plugin v25.3 - https:\/\/yoast.com\/wordpress\/plugins\/seo\/ -->\n<title>Rechtliche Hinweise - Camping La Vall\u00e9e des Vignes<\/title>\n<meta name=\"robots\" content=\"noindex, nofollow\" \/>\n<meta property=\"og:locale\" content=\"de_DE\" \/>\n<meta property=\"og:type\" content=\"article\" \/>\n<meta property=\"og:title\" content=\"Rechtliche Hinweise - Camping La Vall\u00e9e des Vignes\" \/>\n<meta property=\"og:url\" content=\"https:\/\/camping-la-vallee-des-vignes.com\/de\/rechtliche-hinweise\/\" \/>\n<meta property=\"og:site_name\" content=\"Camping La Vall\u00e9e des Vignes\" \/>\n<meta property=\"article:modified_time\" content=\"2024-06-20T08:11:49+00:00\" \/>\n<meta property=\"og:image\" content=\"https:\/\/camping-la-vallee-des-vignes.com\/wp-content\/uploads\/2024\/04\/entree-camping.webp\" \/>\n\t<meta property=\"og:image:width\" content=\"2000\" \/>\n\t<meta property=\"og:image:height\" content=\"1011\" \/>\n\t<meta property=\"og:image:type\" content=\"image\/webp\" \/>\n<meta name=\"twitter:card\" content=\"summary_large_image\" \/>\n<meta name=\"twitter:label1\" content=\"Gesch\u00e4tzte Lesezeit\" \/>\n\t<meta name=\"twitter:data1\" content=\"3\u00a0Minuten\" \/>\n<script type=\"application\/ld+json\" class=\"yoast-schema-graph\">{\"@context\":\"https:\/\/schema.org\",\"@graph\":[{\"@type\":\"WebPage\",\"@id\":\"https:\/\/camping-la-vallee-des-vignes.com\/de\/rechtliche-hinweise\/\",\"url\":\"https:\/\/camping-la-vallee-des-vignes.com\/de\/rechtliche-hinweise\/\",\"name\":\"Rechtliche Hinweise - Camping La Vall\u00e9e des Vignes\",\"isPartOf\":{\"@id\":\"https:\/\/camping-la-vallee-des-vignes.com\/#website\"},\"primaryImageOfPage\":{\"@id\":\"https:\/\/camping-la-vallee-des-vignes.com\/de\/rechtliche-hinweise\/#primaryimage\"},\"image\":{\"@id\":\"https:\/\/camping-la-vallee-des-vignes.com\/de\/rechtliche-hinweise\/#primaryimage\"},\"thumbnailUrl\":\"https:\/\/camping-la-vallee-des-vignes.com\/wp-content\/uploads\/2024\/04\/entree-camping.webp\",\"datePublished\":\"2024-03-26T14:53:12+00:00\",\"dateModified\":\"2024-06-20T08:11:49+00:00\",\"breadcrumb\":{\"@id\":\"https:\/\/camping-la-vallee-des-vignes.com\/de\/rechtliche-hinweise\/#breadcrumb\"},\"inLanguage\":\"de\",\"potentialAction\":[{\"@type\":\"ReadAction\",\"target\":[\"https:\/\/camping-la-vallee-des-vignes.com\/de\/rechtliche-hinweise\/\"]}]},{\"@type\":\"ImageObject\",\"inLanguage\":\"de\",\"@id\":\"https:\/\/camping-la-vallee-des-vignes.com\/de\/rechtliche-hinweise\/#primaryimage\",\"url\":\"https:\/\/camping-la-vallee-des-vignes.com\/wp-content\/uploads\/2024\/04\/entree-camping.webp\",\"contentUrl\":\"https:\/\/camping-la-vallee-des-vignes.com\/wp-content\/uploads\/2024\/04\/entree-camping.webp\",\"width\":2000,\"height\":1011},{\"@type\":\"BreadcrumbList\",\"@id\":\"https:\/\/camping-la-vallee-des-vignes.com\/de\/rechtliche-hinweise\/#breadcrumb\",\"itemListElement\":[{\"@type\":\"ListItem\",\"position\":1,\"name\":\"Camping Maine-et-Loire\",\"item\":\"https:\/\/camping-la-vallee-des-vignes.com\/de\/\"},{\"@type\":\"ListItem\",\"position\":2,\"name\":\"Rechtliche Hinweise\"}]},{\"@type\":\"WebSite\",\"@id\":\"https:\/\/camping-la-vallee-des-vignes.com\/#website\",\"url\":\"https:\/\/camping-la-vallee-des-vignes.com\/\",\"name\":\"Camping La Vall\u00e9e des Vignes\",\"description\":\"\",\"publisher\":{\"@id\":\"https:\/\/camping-la-vallee-des-vignes.com\/#organization\"},\"potentialAction\":[{\"@type\":\"SearchAction\",\"target\":{\"@type\":\"EntryPoint\",\"urlTemplate\":\"https:\/\/camping-la-vallee-des-vignes.com\/?s={search_term_string}\"},\"query-input\":{\"@type\":\"PropertyValueSpecification\",\"valueRequired\":true,\"valueName\":\"search_term_string\"}}],\"inLanguage\":\"de\"},{\"@type\":\"Organization\",\"@id\":\"https:\/\/camping-la-vallee-des-vignes.com\/#organization\",\"name\":\"Camping La Vall\u00e9e des Vignes\",\"url\":\"https:\/\/camping-la-vallee-des-vignes.com\/\",\"logo\":{\"@type\":\"ImageObject\",\"inLanguage\":\"de\",\"@id\":\"https:\/\/camping-la-vallee-des-vignes.com\/#\/schema\/logo\/image\/\",\"url\":\"https:\/\/camping-la-vallee-des-vignes.com\/wp-content\/uploads\/2024\/03\/logo-camping-vallee-des-vignes.webp\",\"contentUrl\":\"https:\/\/camping-la-vallee-des-vignes.com\/wp-content\/uploads\/2024\/03\/logo-camping-vallee-des-vignes.webp\",\"width\":500,\"height\":500,\"caption\":\"Camping La Vall\u00e9e des Vignes\"},\"image\":{\"@id\":\"https:\/\/camping-la-vallee-des-vignes.com\/#\/schema\/logo\/image\/\"}}]}<\/script>\n<!-- \/ Yoast SEO plugin. -->","yoast_head_json":{"title":"Rechtliche Hinweise - Camping La Vall\u00e9e des Vignes","robots":{"index":"noindex","follow":"nofollow"},"og_locale":"de_DE","og_type":"article","og_title":"Rechtliche Hinweise - Camping La Vall\u00e9e des Vignes","og_url":"https:\/\/camping-la-vallee-des-vignes.com\/de\/rechtliche-hinweise\/","og_site_name":"Camping La Vall\u00e9e des Vignes","article_modified_time":"2024-06-20T08:11:49+00:00","og_image":[{"width":2000,"height":1011,"url":"https:\/\/camping-la-vallee-des-vignes.com\/wp-content\/uploads\/2024\/04\/entree-camping.webp","type":"image\/webp"}],"twitter_card":"summary_large_image","twitter_misc":{"Gesch\u00e4tzte Lesezeit":"3\u00a0Minuten"},"schema":{"@context":"https:\/\/schema.org","@graph":[{"@type":"WebPage","@id":"https:\/\/camping-la-vallee-des-vignes.com\/de\/rechtliche-hinweise\/","url":"https:\/\/camping-la-vallee-des-vignes.com\/de\/rechtliche-hinweise\/","name":"Rechtliche Hinweise - Camping La Vall\u00e9e des Vignes","isPartOf":{"@id":"https:\/\/camping-la-vallee-des-vignes.com\/#website"},"primaryImageOfPage":{"@id":"https:\/\/camping-la-vallee-des-vignes.com\/de\/rechtliche-hinweise\/#primaryimage"},"image":{"@id":"https:\/\/camping-la-vallee-des-vignes.com\/de\/rechtliche-hinweise\/#primaryimage"},"thumbnailUrl":"https:\/\/camping-la-vallee-des-vignes.com\/wp-content\/uploads\/2024\/04\/entree-camping.webp","datePublished":"2024-03-26T14:53:12+00:00","dateModified":"2024-06-20T08:11:49+00:00","breadcrumb":{"@id":"https:\/\/camping-la-vallee-des-vignes.com\/de\/rechtliche-hinweise\/#breadcrumb"},"inLanguage":"de","potentialAction":[{"@type":"ReadAction","target":["https:\/\/camping-la-vallee-des-vignes.com\/de\/rechtliche-hinweise\/"]}]},{"@type":"ImageObject","inLanguage":"de","@id":"https:\/\/camping-la-vallee-des-vignes.com\/de\/rechtliche-hinweise\/#primaryimage","url":"https:\/\/camping-la-vallee-des-vignes.com\/wp-content\/uploads\/2024\/04\/entree-camping.webp","contentUrl":"https:\/\/camping-la-vallee-des-vignes.com\/wp-content\/uploads\/2024\/04\/entree-camping.webp","width":2000,"height":1011},{"@type":"BreadcrumbList","@id":"https:\/\/camping-la-vallee-des-vignes.com\/de\/rechtliche-hinweise\/#breadcrumb","itemListElement":[{"@type":"ListItem","position":1,"name":"Camping Maine-et-Loire","item":"https:\/\/camping-la-vallee-des-vignes.com\/de\/"},{"@type":"ListItem","position":2,"name":"Rechtliche Hinweise"}]},{"@type":"WebSite","@id":"https:\/\/camping-la-vallee-des-vignes.com\/#website","url":"https:\/\/camping-la-vallee-des-vignes.com\/","name":"Camping La Vall\u00e9e des Vignes","description":"","publisher":{"@id":"https:\/\/camping-la-vallee-des-vignes.com\/#organization"},"potentialAction":[{"@type":"SearchAction","target":{"@type":"EntryPoint","urlTemplate":"https:\/\/camping-la-vallee-des-vignes.com\/?s={search_term_string}"},"query-input":{"@type":"PropertyValueSpecification","valueRequired":true,"valueName":"search_term_string"}}],"inLanguage":"de"},{"@type":"Organization","@id":"https:\/\/camping-la-vallee-des-vignes.com\/#organization","name":"Camping La Vall\u00e9e des Vignes","url":"https:\/\/camping-la-vallee-des-vignes.com\/","logo":{"@type":"ImageObject","inLanguage":"de","@id":"https:\/\/camping-la-vallee-des-vignes.com\/#\/schema\/logo\/image\/","url":"https:\/\/camping-la-vallee-des-vignes.com\/wp-content\/uploads\/2024\/03\/logo-camping-vallee-des-vignes.webp","contentUrl":"https:\/\/camping-la-vallee-des-vignes.com\/wp-content\/uploads\/2024\/03\/logo-camping-vallee-des-vignes.webp","width":500,"height":500,"caption":"Camping La Vall\u00e9e des Vignes"},"image":{"@id":"https:\/\/camping-la-vallee-des-vignes.com\/#\/schema\/logo\/image\/"}}]}},"_links":{"self":[{"href":"https:\/\/camping-la-vallee-des-vignes.com\/de\/wp-json\/wp\/v2\/pages\/1626","targetHints":{"allow":["GET"]}}],"collection":[{"href":"https:\/\/camping-la-vallee-des-vignes.com\/de\/wp-json\/wp\/v2\/pages"}],"about":[{"href":"https:\/\/camping-la-vallee-des-vignes.com\/de\/wp-json\/wp\/v2\/types\/page"}],"author":[{"embeddable":true,"href":"https:\/\/camping-la-vallee-des-vignes.com\/de\/wp-json\/wp\/v2\/users\/4"}],"replies":[{"embeddable":true,"href":"https:\/\/camping-la-vallee-des-vignes.com\/de\/wp-json\/wp\/v2\/comments?post=1626"}],"version-history":[{"count":1,"href":"https:\/\/camping-la-vallee-des-vignes.com\/de\/wp-json\/wp\/v2\/pages\/1626\/revisions"}],"predecessor-version":[{"id":1628,"href":"https:\/\/camping-la-vallee-des-vignes.com\/de\/wp-json\/wp\/v2\/pages\/1626\/revisions\/1628"}],"wp:featuredmedia":[{"embeddable":true,"href":"https:\/\/camping-la-vallee-des-vignes.com\/de\/wp-json\/wp\/v2\/media\/1627"}],"wp:attachment":[{"href":"https:\/\/camping-la-vallee-des-vignes.com\/de\/wp-json\/wp\/v2\/media?parent=1626"}],"wp:term":[{"taxonomy":"sujet","embeddable":true,"href":"https:\/\/camping-la-vallee-des-vignes.com\/de\/wp-json\/wp\/v2\/sujet?post=1626"}],"curies":[{"name":"wp","href":"https:\/\/api.w.org\/{rel}","templated":true}]}}