{"id":1639,"date":"2024-03-08T15:43:14","date_gmt":"2024-03-08T14:43:14","guid":{"rendered":"https:\/\/camping-la-vallee-des-vignes.com\/swimmingpool\/"},"modified":"2024-07-17T09:54:15","modified_gmt":"2024-07-17T07:54:15","slug":"swimmingpool","status":"publish","type":"page","link":"https:\/\/camping-la-vallee-des-vignes.com\/de\/swimmingpool\/","title":{"rendered":"Swimmingpool"},"content":{"rendered":"<section id=\"ls-section-block_1045c02cff5d57bffa5845d2662ecbff\" class=\"ls-section  page-intro has-m-b m-b-0 has-p-t p-t-0\" >\r\n        <div class=\"container \">\r\n        \n\n<h1 class=\"ls__heading wp-block-heading has-text-align-center\">Das beheizte Schwimmbad auf dem Campingplatz im Maine-et-Loire<\/h1>\n\n\n\n<p class=\"ls-paragraph has-text-align-center\">Der Pool auf unserem <a href=\"https:\/\/camping-la-vallee-des-vignes.com\/de\/\">Campingplatz in der N\u00e4he von Saumur<\/a> ist auf mindestens 28\u00b0C beheizt, so dass Sie sich beim Schwimmen weder zu kalt noch zu warm f\u00fchlen.<\/p>\n\n\r\n    <\/div>\r\n<\/section><section id=\"ls-section-block_7ef444f9d65a7e7933220e2a417bba6a\" class=\"ls-section  page-one has-m-t m-t-0 has-p-t p-t-0\" >\r\n        <div class=\"container container--wide\">\r\n        \n\n<div class=\"wp-block-columns is-layout-flex wp-container-core-columns-is-layout-9d6595d7 wp-block-columns-is-layout-flex\">\n<div class=\"wp-block-column is-vertically-aligned-center is-layout-flow wp-block-column-is-layout-flow\" style=\"flex-basis:33.33%\">\n<h2 class=\"ls__heading wp-block-heading\"><strong>Baden im Pool<\/strong> <strong>in der N\u00e4he von Saumur<\/strong><\/h2>\n\n\n\n<p class=\"ls-paragraph\">Der beheizte Au\u00dfenpool mit einer Temperatur von mindestens <strong>28 \u00b0C besteht <\/strong> aus <strong>einem 128 m\u00b2 gro\u00dfen Becken mit einer Tiefe von 1,5 m \u00fcber<\/strong> das gesamte Becken. Dies ist der ideale Ort, um sich zu erfrischen und\/oder zu temperieren, w\u00e4hrend die Hintergrundmusik des Restaurants l\u00e4uft, um noch besser abschalten zu k\u00f6nnen.<\/p>\n\n\n\n<p class=\"ls-paragraph\">Nicht zu kalt und nicht zu hei\u00df, es ist die perfekte Temperatur, um einige Bahnen zu schwimmen und f\u00fcr andere ist es einfach nur ein Vergn\u00fcgen, sich abzuk\u00fchlen.<\/p>\n\n\n\n<p class=\"ls-paragraph\">Der Swimmingpool ist <strong>von 10.00 bis 20.00 Uhr ge\u00f6ffnet<\/strong>, mit gelegentlichen Abendveranstaltungen.<\/p>\n<\/div>\n\n\n\n<div class=\"wp-block-column is-layout-flow wp-block-column-is-layout-flow\" style=\"flex-basis:66.66%\">\n<figure class=\"wp-block-gallery has-nested-images columns-default is-cropped wp-block-gallery-slider left animated fadeInRight delay-100ms slow wp-block-gallery-1 is-layout-flex wp-block-gallery-is-layout-flex\">\n<figure class=\"wp-block-image size-full\"><img decoding=\"async\" width=\"1170\" height=\"876\" data-id=\"518\" src=\"https:\/\/camping-la-vallee-des-vignes.com\/wp-content\/uploads\/2024\/03\/camping-la-vallee-des-vignes-avec-piscine-proche-de-saumur.webp\" alt=\"campingplatz la vallee des vignes mit schwimmbad in der n&#xE4;he von saumur\" class=\"wp-image-518\" srcset=\"https:\/\/camping-la-vallee-des-vignes.com\/wp-content\/uploads\/2024\/03\/camping-la-vallee-des-vignes-avec-piscine-proche-de-saumur.webp 1170w, https:\/\/camping-la-vallee-des-vignes.com\/wp-content\/uploads\/2024\/03\/camping-la-vallee-des-vignes-avec-piscine-proche-de-saumur-300x225.webp 300w, https:\/\/camping-la-vallee-des-vignes.com\/wp-content\/uploads\/2024\/03\/camping-la-vallee-des-vignes-avec-piscine-proche-de-saumur-1024x767.webp 1024w, https:\/\/camping-la-vallee-des-vignes.com\/wp-content\/uploads\/2024\/03\/camping-la-vallee-des-vignes-avec-piscine-proche-de-saumur-768x575.webp 768w\" sizes=\"(max-width: 1170px) 100vw, 1170px\" \/><\/figure>\n\n\n\n<figure class=\"wp-block-image size-full\"><img decoding=\"async\" width=\"1170\" height=\"876\" data-id=\"954\" src=\"https:\/\/camping-la-vallee-des-vignes.com\/wp-content\/uploads\/2024\/04\/pieds-dans-leau-piscine.webp\" alt=\"F&#xFC;&#xDF;e im Wasser Pool\" class=\"wp-image-954\" srcset=\"https:\/\/camping-la-vallee-des-vignes.com\/wp-content\/uploads\/2024\/04\/pieds-dans-leau-piscine.webp 1170w, https:\/\/camping-la-vallee-des-vignes.com\/wp-content\/uploads\/2024\/04\/pieds-dans-leau-piscine-300x225.webp 300w, https:\/\/camping-la-vallee-des-vignes.com\/wp-content\/uploads\/2024\/04\/pieds-dans-leau-piscine-1024x767.webp 1024w, https:\/\/camping-la-vallee-des-vignes.com\/wp-content\/uploads\/2024\/04\/pieds-dans-leau-piscine-768x575.webp 768w\" sizes=\"(max-width: 1170px) 100vw, 1170px\" \/><\/figure>\n\n\n\n<figure class=\"wp-block-image size-full\"><img decoding=\"async\" width=\"1170\" height=\"876\" data-id=\"960\" src=\"https:\/\/camping-la-vallee-des-vignes.com\/wp-content\/uploads\/2024\/04\/piscine-camping-la-vallee-des-vignes-jeux-animations.webp\" alt=\"Schwimmbad Campingplatz la vallee des vignes Spiele Animationen\" class=\"wp-image-960\" srcset=\"https:\/\/camping-la-vallee-des-vignes.com\/wp-content\/uploads\/2024\/04\/piscine-camping-la-vallee-des-vignes-jeux-animations.webp 1170w, https:\/\/camping-la-vallee-des-vignes.com\/wp-content\/uploads\/2024\/04\/piscine-camping-la-vallee-des-vignes-jeux-animations-300x225.webp 300w, https:\/\/camping-la-vallee-des-vignes.com\/wp-content\/uploads\/2024\/04\/piscine-camping-la-vallee-des-vignes-jeux-animations-1024x767.webp 1024w, https:\/\/camping-la-vallee-des-vignes.com\/wp-content\/uploads\/2024\/04\/piscine-camping-la-vallee-des-vignes-jeux-animations-768x575.webp 768w\" sizes=\"(max-width: 1170px) 100vw, 1170px\" \/><\/figure>\n\n\n\n<figure class=\"wp-block-image size-full\"><img decoding=\"async\" width=\"1920\" height=\"1440\" data-id=\"1571\" src=\"https:\/\/camping-la-vallee-des-vignes.com\/wp-content\/uploads\/2024\/06\/Camping-La-Vallee-des-Vignes-Bar-restaurant-et-piscine-by-night-1.webp\" alt=\"Campingplatz La Vallee des Vignes Bar, Restaurant und Schwimmbad by night 1\" class=\"wp-image-1571\" srcset=\"https:\/\/camping-la-vallee-des-vignes.com\/wp-content\/uploads\/2024\/06\/Camping-La-Vallee-des-Vignes-Bar-restaurant-et-piscine-by-night-1.webp 1920w, https:\/\/camping-la-vallee-des-vignes.com\/wp-content\/uploads\/2024\/06\/Camping-La-Vallee-des-Vignes-Bar-restaurant-et-piscine-by-night-1-300x225.webp 300w, https:\/\/camping-la-vallee-des-vignes.com\/wp-content\/uploads\/2024\/06\/Camping-La-Vallee-des-Vignes-Bar-restaurant-et-piscine-by-night-1-1024x768.webp 1024w, https:\/\/camping-la-vallee-des-vignes.com\/wp-content\/uploads\/2024\/06\/Camping-La-Vallee-des-Vignes-Bar-restaurant-et-piscine-by-night-1-768x576.webp 768w, https:\/\/camping-la-vallee-des-vignes.com\/wp-content\/uploads\/2024\/06\/Camping-La-Vallee-des-Vignes-Bar-restaurant-et-piscine-by-night-1-1536x1152.webp 1536w\" sizes=\"(max-width: 1920px) 100vw, 1920px\" \/><\/figure>\n<\/figure>\n<\/div>\n<\/div>\n\n\r\n    <\/div>\r\n<\/section><section id=\"ls-section-block_c81b1e7ec99688ec6ae8c04ff05f9c3b\" class=\"ls-section  home-two has-background-image has-parallax has-background has-color-black-background-color has-m-b m-b-0 has-p-t p-t-30 has-p-b p-b-14\" >\r\n    <div class=\"ls-section__background-image opacity-80\"><img decoding=\"async\" src=\"https:\/\/camping-la-vallee-des-vignes.com\/wp-content\/uploads\/2024\/03\/camping-avec-piscine-chauffee-proche-doue-la-fontaine-copie.webp\" alt=\"camping avec piscine chauffe\u0301e proche doue la fontaine copie\"><\/div>    <div class=\"container container--wide\">\r\n        \n\n<div class=\"wp-block-columns is-layout-flex wp-container-core-columns-is-layout-9d6595d7 wp-block-columns-is-layout-flex\">\n<div class=\"wp-block-column is-vertically-aligned-bottom first is-layout-flow wp-block-column-is-layout-flow\" style=\"flex-basis:33.33%\">\n<h2 class=\"ls__heading wp-block-heading\"><strong>Planschbecken<\/strong> in  <br\/><strong>der Pool  <\/strong><br\/><strong>beheizt<\/strong><\/h2>\n\n\n\n<p class=\"ls-paragraph\">Neben dem gro\u00dfen Becken befindet sich das Planschbecken, das ebenfalls <strong>auf 28\u00b0C beheizt<\/strong> wird. Sie steht auf einer <strong>Fl\u00e4che von 9m\u00b2 mit einer Tiefe von 30 cm<\/strong>. Die Gr\u00f6\u00dfe ist ideal f\u00fcr Kleinkinder, die hier mit ihren Eltern planschen k\u00f6nnen. Wir m\u00f6chten Sie dar\u00fcber informieren, dass die Kinder unter der Verantwortung der Eltern stehen. Der Campingplatz \u00fcbernimmt keine Verantwortung f\u00fcr Probleme, die im Bereich des Swimmingpools auftreten k\u00f6nnen.  <\/p>\n<\/div>\n\n\n\n<div class=\"wp-block-column is-vertically-aligned-bottom second is-layout-flow wp-block-column-is-layout-flow\" style=\"flex-basis:66.66%\">\n<div id=\"ls-heading ls-titre-div-block_8b3a6234710e05f7f712715cb68fc6d4\" class=\"ls-titre-div alignright h1-like\" >\n    Ideal f\u00fcr <b>alle kleinen Kinder<\/b><\/div>\n<\/div>\n<\/div>\n\n\r\n    <\/div>\r\n<\/section><section id=\"ls-section-block_8539778ea692fd479ee89f91e796ff97\" class=\"ls-section  home-one page has-p-t p-t-14 has-p-b p-b-0\" >\r\n        <div class=\"container container--wide\">\r\n        \n\n<div class=\"wp-block-columns are-vertically-aligned-center second is-layout-flex wp-container-core-columns-is-layout-9d6595d7 wp-block-columns-is-layout-flex\">\n<div class=\"wp-block-column is-vertically-aligned-center first is-layout-flow wp-block-column-is-layout-flow\" style=\"flex-basis:60%\">\n<figure class=\"wp-block-gallery has-nested-images columns-default is-cropped wp-block-gallery-slider left animated fadeInLeft delay-100ms slow wp-block-gallery-2 is-layout-flex wp-block-gallery-is-layout-flex\">\n<figure class=\"wp-block-image size-full\"><img decoding=\"async\" width=\"1920\" height=\"1200\" data-id=\"963\" src=\"https:\/\/camping-la-vallee-des-vignes.com\/wp-content\/uploads\/2024\/04\/piscine-transat-bronzer.webp\" alt=\"Pool Liegestuhl Sonnenbaden\" class=\"wp-image-963\" srcset=\"https:\/\/camping-la-vallee-des-vignes.com\/wp-content\/uploads\/2024\/04\/piscine-transat-bronzer.webp 1920w, https:\/\/camping-la-vallee-des-vignes.com\/wp-content\/uploads\/2024\/04\/piscine-transat-bronzer-300x188.webp 300w, https:\/\/camping-la-vallee-des-vignes.com\/wp-content\/uploads\/2024\/04\/piscine-transat-bronzer-1024x640.webp 1024w, https:\/\/camping-la-vallee-des-vignes.com\/wp-content\/uploads\/2024\/04\/piscine-transat-bronzer-768x480.webp 768w, https:\/\/camping-la-vallee-des-vignes.com\/wp-content\/uploads\/2024\/04\/piscine-transat-bronzer-1536x960.webp 1536w\" sizes=\"(max-width: 1920px) 100vw, 1920px\" \/><\/figure>\n\n\n\n<figure class=\"wp-block-image size-full\"><img decoding=\"async\" width=\"1200\" height=\"800\" data-id=\"520\" src=\"https:\/\/camping-la-vallee-des-vignes.com\/wp-content\/uploads\/2024\/03\/camping-avec-piscine-chauffee-proche-angers.webp\" alt=\"Campingplatz mit beheiztem Schwimmbad in der N&#xE4;he von Angers\" class=\"wp-image-520\" srcset=\"https:\/\/camping-la-vallee-des-vignes.com\/wp-content\/uploads\/2024\/03\/camping-avec-piscine-chauffee-proche-angers.webp 1200w, https:\/\/camping-la-vallee-des-vignes.com\/wp-content\/uploads\/2024\/03\/camping-avec-piscine-chauffee-proche-angers-300x200.webp 300w, https:\/\/camping-la-vallee-des-vignes.com\/wp-content\/uploads\/2024\/03\/camping-avec-piscine-chauffee-proche-angers-1024x683.webp 1024w, https:\/\/camping-la-vallee-des-vignes.com\/wp-content\/uploads\/2024\/03\/camping-avec-piscine-chauffee-proche-angers-768x512.webp 768w\" sizes=\"(max-width: 1200px) 100vw, 1200px\" \/><\/figure>\n\n\n\n<figure class=\"wp-block-image size-full\"><img decoding=\"async\" width=\"1500\" height=\"1125\" data-id=\"1528\" src=\"https:\/\/camping-la-vallee-des-vignes.com\/wp-content\/uploads\/2024\/06\/Camping-La-Vallee-des-Vignes-La-piscine.webp\" alt=\"Campingplatz La Vall&#xE9;e des Vignes Das Schwimmbad\" class=\"wp-image-1528\" srcset=\"https:\/\/camping-la-vallee-des-vignes.com\/wp-content\/uploads\/2024\/06\/Camping-La-Vallee-des-Vignes-La-piscine.webp 1500w, https:\/\/camping-la-vallee-des-vignes.com\/wp-content\/uploads\/2024\/06\/Camping-La-Vallee-des-Vignes-La-piscine-300x225.webp 300w, https:\/\/camping-la-vallee-des-vignes.com\/wp-content\/uploads\/2024\/06\/Camping-La-Vallee-des-Vignes-La-piscine-1024x768.webp 1024w, https:\/\/camping-la-vallee-des-vignes.com\/wp-content\/uploads\/2024\/06\/Camping-La-Vallee-des-Vignes-La-piscine-768x576.webp 768w\" sizes=\"(max-width: 1500px) 100vw, 1500px\" \/><\/figure>\n<\/figure>\n<\/div>\n\n\n\n<div class=\"wp-block-column is-vertically-aligned-center second is-layout-flow wp-block-column-is-layout-flow\" style=\"flex-basis:40%\">\n<div class=\"wp-block-columns texte is-layout-flex wp-container-core-columns-is-layout-9d6595d7 wp-block-columns-is-layout-flex\">\n<div class=\"wp-block-column is-vertically-aligned-center is-layout-flow wp-block-column-is-layout-flow\">\n<h2 class=\"ls__heading wp-block-heading\"><strong>Entspannung auf den Liegest\u00fchlen am Pool<\/strong><\/h2>\n\n\n\n<p class=\"ls-paragraph\">An den Str\u00e4nden des Swimmingpools k\u00f6nnen Sie sich auf den daf\u00fcr aufgestellten Liegest\u00fchlen entspannen. Faulenzen, <strong>entspannen<\/strong>, tr\u00e4umen, sich von der<strong>entspannten Atmosph\u00e4re<\/strong> tragen lassen oder ein Buch lesen, Spiele auf dem Smartphone spielen und dabei die Sonne genie\u00dfen&#8230; Dies verspricht einen sch\u00f6nen Urlaub.<\/p>\n\n\n\n<p class=\"ls-paragraph\">Ein einziges Schl\u00fcsselwort: <strong>Genie\u00dfen<\/strong> Sie!<\/p>\n\n\n\n<p class=\"ls-paragraph\">Wir werden Ihnen auch einen gr\u00fcnen Strand in der N\u00e4he der Becken als Solarium zur Verf\u00fcgung stellen.<\/p>\n<\/div>\n<\/div>\n<\/div>\n<\/div>\n\n\r\n    <\/div>\r\n<\/section><section id=\"ls-section-block_41e69db132062ef07e33f5f434198e92\" class=\"ls-section  page-maillage has-background has-color-4-background-color has-m-b m-b-0 has-p-t p-t-14 has-p-b p-b-14\" >\r\n        <div class=\"container container--wide\">\r\n        \n\n<div id=\"ls-heading ls-titre-div-block_0326d6242140845e0154d315c6b2c3f8\" class=\"ls-titre-div aligncenter h1-like\" >\n    Entdecken Sie die Dienstleistungen, die Animationen und die Unterk\u00fcnfte<\/div>\n\n\n<div id=\"ls-maillage-block_c948935eb24ed3a5510873b8242e8910\" class=\"ls-maillage cta-style-normal\" data-rows=\"3\">\n    <div class=\"wp-block-columns\"><div class=\"wp-block-column\"><div class=\"ls-cta\">\n\n<a href=\"https:\/\/camping-la-vallee-des-vignes.com\/de\/unsere-dienstleistungen\/\" target=\"\" rel=\"noopener\" class=\"ls-cta__link\" data-categ=\"\">\n\t<div class=\"ls-cta__image\"><img decoding=\"async\" src=\"https:\/\/camping-la-vallee-des-vignes.com\/wp-content\/uploads\/2024\/06\/Camping-La-Vallee-des-Vignes-Burger-Montagnard-1.webp\" alt=\"Camping La Vallee des Vignes Burger Montagnard\"><\/div>\n\t<div class=\"ls-cta__title\">\n\t\t<span>Unsere Dienstleistungen<\/span> <i class=\"vignes-fleche\"><\/i>\n\t<\/div>\n\n\t<\/a><\/div><\/div><div class=\"wp-block-column\"><div class=\"ls-cta\">\n\n<a href=\"https:\/\/camping-la-vallee-des-vignes.com\/de\/animationen-und-aktivitaeten\/\" target=\"\" rel=\"noopener\" class=\"ls-cta__link\" data-categ=\"\">\n\t<div class=\"ls-cta__image\"><img decoding=\"async\" src=\"https:\/\/camping-la-vallee-des-vignes.com\/wp-content\/uploads\/2024\/04\/camping-familial-jeux-pour-enfants-vacances-reposantes-saumur-683x1024-1.webp\" alt=\"camping familial jeux pour enfants vacances reposantes saumur 683x1024\"><\/div>\n\t<div class=\"ls-cta__title\">\n\t\t<span>Animationen und Aktivit\u00e4ten<\/span> <i class=\"vignes-fleche\"><\/i>\n\t<\/div>\n\n\t<\/a><\/div><\/div><div class=\"wp-block-column\"><div class=\"ls-cta\">\n\n<a href=\"https:\/\/camping-la-vallee-des-vignes.com\/de\/vermietung-unterkunft-doue-en-anjou\/\" target=\"\" rel=\"noopener\" class=\"ls-cta__link\" data-categ=\"\">\n\t<div class=\"ls-cta__image\"><img decoding=\"async\" src=\"https:\/\/camping-la-vallee-des-vignes.com\/wp-content\/uploads\/2024\/04\/mobil-home-confort-3-chambres.webp\" alt=\"Mobilheim Komfort 3 Schlafzimmer\"><\/div>\n\t<div class=\"ls-cta__title\">\n\t\t<span>Unsere Unterk\u00fcnfte<\/span> <i class=\"vignes-fleche\"><\/i>\n\t<\/div>\n\n\t<\/a><\/div><\/div><\/div><\/div>\n\r\n    <\/div>\r\n<\/section>","protected":false},"excerpt":{"rendered":"","protected":false},"author":4,"featured_media":1648,"parent":0,"menu_order":0,"comment_status":"closed","ping_status":"closed","template":"","meta":{"_acf_changed":false,"inline_featured_image":false,"footnotes":""},"sujet":[],"class_list":["post-1639","page","type-page","status-publish","has-post-thumbnail","hentry"],"acf":[],"yoast_head":"<!-- This site is optimized with the Yoast SEO plugin v25.3 - https:\/\/yoast.com\/wordpress\/plugins\/seo\/ -->\n<title>Campingplatz mit beheiztem Freibad in der N\u00e4he von Saumur<\/title>\n<meta name=\"description\" content=\"G\u00f6nnen Sie sich einen Moment der Entspannung auf unserem Campingplatz mit beheiztem Au\u00dfenpool im Maine-et-Loire, in der N\u00e4he von Saumur.\" \/>\n<meta name=\"robots\" content=\"index, follow, max-snippet:-1, max-image-preview:large, max-video-preview:-1\" \/>\n<link rel=\"canonical\" href=\"https:\/\/camping-la-vallee-des-vignes.com\/de\/swimmingpool\/\" \/>\n<meta property=\"og:locale\" content=\"de_DE\" \/>\n<meta property=\"og:type\" content=\"article\" \/>\n<meta property=\"og:title\" content=\"Campingplatz mit beheiztem Freibad in der N\u00e4he von Saumur\" \/>\n<meta property=\"og:description\" content=\"G\u00f6nnen Sie sich einen Moment der Entspannung auf unserem Campingplatz mit beheiztem Au\u00dfenpool im Maine-et-Loire, in der N\u00e4he von Saumur.\" \/>\n<meta property=\"og:url\" content=\"https:\/\/camping-la-vallee-des-vignes.com\/de\/swimmingpool\/\" \/>\n<meta property=\"og:site_name\" content=\"Camping La Vall\u00e9e des Vignes\" \/>\n<meta property=\"article:modified_time\" content=\"2024-07-17T07:54:15+00:00\" \/>\n<meta property=\"og:image\" content=\"https:\/\/camping-la-vallee-des-vignes.com\/wp-content\/uploads\/2024\/04\/eau-piscine.webp\" \/>\n\t<meta property=\"og:image:width\" content=\"1920\" \/>\n\t<meta property=\"og:image:height\" content=\"1200\" \/>\n\t<meta property=\"og:image:type\" content=\"image\/webp\" \/>\n<meta name=\"twitter:card\" content=\"summary_large_image\" \/>\n<meta name=\"twitter:label1\" content=\"Gesch\u00e4tzte Lesezeit\" \/>\n\t<meta name=\"twitter:data1\" content=\"2\u00a0Minuten\" \/>\n<script type=\"application\/ld+json\" class=\"yoast-schema-graph\">{\"@context\":\"https:\/\/schema.org\",\"@graph\":[{\"@type\":\"WebPage\",\"@id\":\"https:\/\/camping-la-vallee-des-vignes.com\/de\/swimmingpool\/\",\"url\":\"https:\/\/camping-la-vallee-des-vignes.com\/de\/swimmingpool\/\",\"name\":\"Campingplatz mit beheiztem Freibad in der N\u00e4he von Saumur\",\"isPartOf\":{\"@id\":\"https:\/\/camping-la-vallee-des-vignes.com\/#website\"},\"primaryImageOfPage\":{\"@id\":\"https:\/\/camping-la-vallee-des-vignes.com\/de\/swimmingpool\/#primaryimage\"},\"image\":{\"@id\":\"https:\/\/camping-la-vallee-des-vignes.com\/de\/swimmingpool\/#primaryimage\"},\"thumbnailUrl\":\"https:\/\/camping-la-vallee-des-vignes.com\/wp-content\/uploads\/2024\/04\/eau-piscine.webp\",\"datePublished\":\"2024-03-08T14:43:14+00:00\",\"dateModified\":\"2024-07-17T07:54:15+00:00\",\"description\":\"G\u00f6nnen Sie sich einen Moment der Entspannung auf unserem Campingplatz mit beheiztem Au\u00dfenpool im Maine-et-Loire, in der N\u00e4he von Saumur.\",\"breadcrumb\":{\"@id\":\"https:\/\/camping-la-vallee-des-vignes.com\/de\/swimmingpool\/#breadcrumb\"},\"inLanguage\":\"de\",\"potentialAction\":[{\"@type\":\"ReadAction\",\"target\":[\"https:\/\/camping-la-vallee-des-vignes.com\/de\/swimmingpool\/\"]}]},{\"@type\":\"ImageObject\",\"inLanguage\":\"de\",\"@id\":\"https:\/\/camping-la-vallee-des-vignes.com\/de\/swimmingpool\/#primaryimage\",\"url\":\"https:\/\/camping-la-vallee-des-vignes.com\/wp-content\/uploads\/2024\/04\/eau-piscine.webp\",\"contentUrl\":\"https:\/\/camping-la-vallee-des-vignes.com\/wp-content\/uploads\/2024\/04\/eau-piscine.webp\",\"width\":1920,\"height\":1200,\"caption\":\"eau piscine\"},{\"@type\":\"BreadcrumbList\",\"@id\":\"https:\/\/camping-la-vallee-des-vignes.com\/de\/swimmingpool\/#breadcrumb\",\"itemListElement\":[{\"@type\":\"ListItem\",\"position\":1,\"name\":\"Camping Maine-et-Loire\",\"item\":\"https:\/\/camping-la-vallee-des-vignes.com\/de\/\"},{\"@type\":\"ListItem\",\"position\":2,\"name\":\"Schwimmbad in Dou\u00e9-en-Anjou\"}]},{\"@type\":\"WebSite\",\"@id\":\"https:\/\/camping-la-vallee-des-vignes.com\/#website\",\"url\":\"https:\/\/camping-la-vallee-des-vignes.com\/\",\"name\":\"Camping La Vall\u00e9e des Vignes\",\"description\":\"\",\"publisher\":{\"@id\":\"https:\/\/camping-la-vallee-des-vignes.com\/#organization\"},\"potentialAction\":[{\"@type\":\"SearchAction\",\"target\":{\"@type\":\"EntryPoint\",\"urlTemplate\":\"https:\/\/camping-la-vallee-des-vignes.com\/?s={search_term_string}\"},\"query-input\":{\"@type\":\"PropertyValueSpecification\",\"valueRequired\":true,\"valueName\":\"search_term_string\"}}],\"inLanguage\":\"de\"},{\"@type\":\"Organization\",\"@id\":\"https:\/\/camping-la-vallee-des-vignes.com\/#organization\",\"name\":\"Camping La Vall\u00e9e des Vignes\",\"url\":\"https:\/\/camping-la-vallee-des-vignes.com\/\",\"logo\":{\"@type\":\"ImageObject\",\"inLanguage\":\"de\",\"@id\":\"https:\/\/camping-la-vallee-des-vignes.com\/#\/schema\/logo\/image\/\",\"url\":\"https:\/\/camping-la-vallee-des-vignes.com\/wp-content\/uploads\/2024\/03\/logo-camping-vallee-des-vignes.webp\",\"contentUrl\":\"https:\/\/camping-la-vallee-des-vignes.com\/wp-content\/uploads\/2024\/03\/logo-camping-vallee-des-vignes.webp\",\"width\":500,\"height\":500,\"caption\":\"Camping La Vall\u00e9e des Vignes\"},\"image\":{\"@id\":\"https:\/\/camping-la-vallee-des-vignes.com\/#\/schema\/logo\/image\/\"}}]}<\/script>\n<!-- \/ Yoast SEO plugin. -->","yoast_head_json":{"title":"Campingplatz mit beheiztem Freibad in der N\u00e4he von Saumur","description":"G\u00f6nnen Sie sich einen Moment der Entspannung auf unserem Campingplatz mit beheiztem Au\u00dfenpool im Maine-et-Loire, in der N\u00e4he von Saumur.","robots":{"index":"index","follow":"follow","max-snippet":"max-snippet:-1","max-image-preview":"max-image-preview:large","max-video-preview":"max-video-preview:-1"},"canonical":"https:\/\/camping-la-vallee-des-vignes.com\/de\/swimmingpool\/","og_locale":"de_DE","og_type":"article","og_title":"Campingplatz mit beheiztem Freibad in der N\u00e4he von Saumur","og_description":"G\u00f6nnen Sie sich einen Moment der Entspannung auf unserem Campingplatz mit beheiztem Au\u00dfenpool im Maine-et-Loire, in der N\u00e4he von Saumur.","og_url":"https:\/\/camping-la-vallee-des-vignes.com\/de\/swimmingpool\/","og_site_name":"Camping La Vall\u00e9e des Vignes","article_modified_time":"2024-07-17T07:54:15+00:00","og_image":[{"width":1920,"height":1200,"url":"https:\/\/camping-la-vallee-des-vignes.com\/wp-content\/uploads\/2024\/04\/eau-piscine.webp","type":"image\/webp"}],"twitter_card":"summary_large_image","twitter_misc":{"Gesch\u00e4tzte Lesezeit":"2\u00a0Minuten"},"schema":{"@context":"https:\/\/schema.org","@graph":[{"@type":"WebPage","@id":"https:\/\/camping-la-vallee-des-vignes.com\/de\/swimmingpool\/","url":"https:\/\/camping-la-vallee-des-vignes.com\/de\/swimmingpool\/","name":"Campingplatz mit beheiztem Freibad in der N\u00e4he von Saumur","isPartOf":{"@id":"https:\/\/camping-la-vallee-des-vignes.com\/#website"},"primaryImageOfPage":{"@id":"https:\/\/camping-la-vallee-des-vignes.com\/de\/swimmingpool\/#primaryimage"},"image":{"@id":"https:\/\/camping-la-vallee-des-vignes.com\/de\/swimmingpool\/#primaryimage"},"thumbnailUrl":"https:\/\/camping-la-vallee-des-vignes.com\/wp-content\/uploads\/2024\/04\/eau-piscine.webp","datePublished":"2024-03-08T14:43:14+00:00","dateModified":"2024-07-17T07:54:15+00:00","description":"G\u00f6nnen Sie sich einen Moment der Entspannung auf unserem Campingplatz mit beheiztem Au\u00dfenpool im Maine-et-Loire, in der N\u00e4he von Saumur.","breadcrumb":{"@id":"https:\/\/camping-la-vallee-des-vignes.com\/de\/swimmingpool\/#breadcrumb"},"inLanguage":"de","potentialAction":[{"@type":"ReadAction","target":["https:\/\/camping-la-vallee-des-vignes.com\/de\/swimmingpool\/"]}]},{"@type":"ImageObject","inLanguage":"de","@id":"https:\/\/camping-la-vallee-des-vignes.com\/de\/swimmingpool\/#primaryimage","url":"https:\/\/camping-la-vallee-des-vignes.com\/wp-content\/uploads\/2024\/04\/eau-piscine.webp","contentUrl":"https:\/\/camping-la-vallee-des-vignes.com\/wp-content\/uploads\/2024\/04\/eau-piscine.webp","width":1920,"height":1200,"caption":"eau piscine"},{"@type":"BreadcrumbList","@id":"https:\/\/camping-la-vallee-des-vignes.com\/de\/swimmingpool\/#breadcrumb","itemListElement":[{"@type":"ListItem","position":1,"name":"Camping Maine-et-Loire","item":"https:\/\/camping-la-vallee-des-vignes.com\/de\/"},{"@type":"ListItem","position":2,"name":"Schwimmbad in Dou\u00e9-en-Anjou"}]},{"@type":"WebSite","@id":"https:\/\/camping-la-vallee-des-vignes.com\/#website","url":"https:\/\/camping-la-vallee-des-vignes.com\/","name":"Camping La Vall\u00e9e des Vignes","description":"","publisher":{"@id":"https:\/\/camping-la-vallee-des-vignes.com\/#organization"},"potentialAction":[{"@type":"SearchAction","target":{"@type":"EntryPoint","urlTemplate":"https:\/\/camping-la-vallee-des-vignes.com\/?s={search_term_string}"},"query-input":{"@type":"PropertyValueSpecification","valueRequired":true,"valueName":"search_term_string"}}],"inLanguage":"de"},{"@type":"Organization","@id":"https:\/\/camping-la-vallee-des-vignes.com\/#organization","name":"Camping La Vall\u00e9e des Vignes","url":"https:\/\/camping-la-vallee-des-vignes.com\/","logo":{"@type":"ImageObject","inLanguage":"de","@id":"https:\/\/camping-la-vallee-des-vignes.com\/#\/schema\/logo\/image\/","url":"https:\/\/camping-la-vallee-des-vignes.com\/wp-content\/uploads\/2024\/03\/logo-camping-vallee-des-vignes.webp","contentUrl":"https:\/\/camping-la-vallee-des-vignes.com\/wp-content\/uploads\/2024\/03\/logo-camping-vallee-des-vignes.webp","width":500,"height":500,"caption":"Camping La Vall\u00e9e des Vignes"},"image":{"@id":"https:\/\/camping-la-vallee-des-vignes.com\/#\/schema\/logo\/image\/"}}]}},"_links":{"self":[{"href":"https:\/\/camping-la-vallee-des-vignes.com\/de\/wp-json\/wp\/v2\/pages\/1639","targetHints":{"allow":["GET"]}}],"collection":[{"href":"https:\/\/camping-la-vallee-des-vignes.com\/de\/wp-json\/wp\/v2\/pages"}],"about":[{"href":"https:\/\/camping-la-vallee-des-vignes.com\/de\/wp-json\/wp\/v2\/types\/page"}],"author":[{"embeddable":true,"href":"https:\/\/camping-la-vallee-des-vignes.com\/de\/wp-json\/wp\/v2\/users\/4"}],"replies":[{"embeddable":true,"href":"https:\/\/camping-la-vallee-des-vignes.com\/de\/wp-json\/wp\/v2\/comments?post=1639"}],"version-history":[{"count":4,"href":"https:\/\/camping-la-vallee-des-vignes.com\/de\/wp-json\/wp\/v2\/pages\/1639\/revisions"}],"predecessor-version":[{"id":2133,"href":"https:\/\/camping-la-vallee-des-vignes.com\/de\/wp-json\/wp\/v2\/pages\/1639\/revisions\/2133"}],"wp:featuredmedia":[{"embeddable":true,"href":"https:\/\/camping-la-vallee-des-vignes.com\/de\/wp-json\/wp\/v2\/media\/1648"}],"wp:attachment":[{"href":"https:\/\/camping-la-vallee-des-vignes.com\/de\/wp-json\/wp\/v2\/media?parent=1639"}],"wp:term":[{"taxonomy":"sujet","embeddable":true,"href":"https:\/\/camping-la-vallee-des-vignes.com\/de\/wp-json\/wp\/v2\/sujet?post=1639"}],"curies":[{"name":"wp","href":"https:\/\/api.w.org\/{rel}","templated":true}]}}