{"id":1730,"date":"2024-03-26T15:10:55","date_gmt":"2024-03-26T14:10:55","guid":{"rendered":"https:\/\/camping-la-vallee-des-vignes.com\/zu-besuchen\/"},"modified":"2024-07-18T17:05:40","modified_gmt":"2024-07-18T15:05:40","slug":"entdecken-le-maine-et-loire","status":"publish","type":"page","link":"https:\/\/camping-la-vallee-des-vignes.com\/de\/entdecken-le-maine-et-loire\/","title":{"rendered":"Zu besuchen"},"content":{"rendered":"<section id=\"ls-section-block_f30c5c45463c877c778cfb07b83b0aa4\" class=\"ls-section  page-intro has-m-b m-b-0 has-p-t p-t-0\" >\r\n        <div class=\"container \">\r\n        \n\n<h1 class=\"ls__heading wp-block-heading has-text-align-center\">Die sch\u00f6nsten Sehensw\u00fcrdigkeiten in Maine-et-Loire<\/h1>\n\n\r\n    <\/div>\r\n<\/section><section id=\"ls-section-block_37169f04564f251f33bd84e6c1501c97\" class=\"ls-section  page-one has-m-t m-t-0 has-p-t p-t-0\" >\r\n        <div class=\"container container--wide\">\r\n        \n\n<div class=\"wp-block-columns is-layout-flex wp-container-core-columns-is-layout-9d6595d7 wp-block-columns-is-layout-flex\">\n<div class=\"wp-block-column is-vertically-aligned-center is-layout-flow wp-block-column-is-layout-flow\" style=\"flex-basis:33.33%\">\n<h2 class=\"ls__heading wp-block-heading\">Das Geheimnis der <strong>Faluns<\/strong><\/h2>\n\n\n\n<p class=\"ls-paragraph\">Vor 11.000 Jahren gab es in Dou\u00e9-en-Anjou ein Meer mit dem Namen <strong>Mer des Faluns<\/strong>. Im Laufe der Zeit entstanden Galerien in den verbleibenden Klippen. Dou\u00e9-en-Anjou hat diesen Ort restauriert, um Ihnen zu zeigen, was in den letzten 10.000 Jahren unter Wasser und auf dem Land existierte.<\/p>\n\n\n\n<p class=\"ls-paragraph\">Entdecken Sie diesen <strong>magischen Weg unter dem Land von Dou\u00e9-en-Anjou<\/strong>!<\/p>\n<\/div>\n\n\n\n<div class=\"wp-block-column is-layout-flow wp-block-column-is-layout-flow\" style=\"flex-basis:66.66%\">\n<figure class=\"wp-block-image size-full animated fadeIn delay-100ms slow\"><a href=\"https:\/\/camping-la-vallee-des-vignes.com\/wp-content\/uploads\/2024\/06\/stratifications-obliques-faluns.webp\"><img decoding=\"async\" width=\"1200\" height=\"750\" src=\"https:\/\/camping-la-vallee-des-vignes.com\/wp-content\/uploads\/2024\/06\/stratifications-obliques-faluns.webp\" alt=\"Schr&#xE4;ge Schichtungen Falun\" class=\"wp-image-1343\" srcset=\"https:\/\/camping-la-vallee-des-vignes.com\/wp-content\/uploads\/2024\/06\/stratifications-obliques-faluns.webp 1200w, https:\/\/camping-la-vallee-des-vignes.com\/wp-content\/uploads\/2024\/06\/stratifications-obliques-faluns-300x188.webp 300w, https:\/\/camping-la-vallee-des-vignes.com\/wp-content\/uploads\/2024\/06\/stratifications-obliques-faluns-1024x640.webp 1024w, https:\/\/camping-la-vallee-des-vignes.com\/wp-content\/uploads\/2024\/06\/stratifications-obliques-faluns-768x480.webp 768w\" sizes=\"(max-width: 1200px) 100vw, 1200px\" \/><\/a><\/figure>\n<\/div>\n<\/div>\n\n\r\n    <\/div>\r\n<\/section><section id=\"ls-section-block_d017e70f6b456fee7f6eb717c1d64f37\" class=\"ls-section  home-two has-background-image has-background has-color-black-background-color has-m-b m-b-0 has-p-t p-t-30 has-p-b p-b-14\" >\r\n    <div class=\"ls-section__background-image opacity-80\"><img decoding=\"async\" src=\"https:\/\/camping-la-vallee-des-vignes.com\/wp-content\/uploads\/2024\/06\/Anjou-capitale-de-la-rose.webp\" alt=\"Anjou capitale de la rose\"><\/div>    <div class=\"container container--wide\">\r\n        \n\n<div class=\"wp-block-columns is-layout-flex wp-container-core-columns-is-layout-9d6595d7 wp-block-columns-is-layout-flex\">\n<div class=\"wp-block-column is-vertically-aligned-bottom first is-layout-flow wp-block-column-is-layout-flow\" style=\"flex-basis:33.33%\">\n<h2 class=\"ls__heading wp-block-heading\">Auf Entdeckungstour  <br\/>der <strong>Destillerie <br\/>Terre de Rose<\/strong><\/h2>\n\n\n\n<p class=\"ls-paragraph\">Dou\u00e9 en Anjou ist die <strong>Hauptstadt der Rose<\/strong>. Die <a href=\"https:\/\/www.terrederose.com\/en\/\" target=\"_blank\" rel=\"noreferrer noopener\">Brennerei, Terre de Rose<\/a>, empf\u00e4ngt Sie jedes Jahr von April bis September. Das Grundst\u00fcck ist 8 Hektar gro\u00df und beherbergt \u00fcber 80 Rosenrassen. W\u00e4hrend Ihres Spaziergangs k\u00f6nnen Sie die Destillerie besuchen und die <strong>Geheimnisse der Herstellung von \u00e4therischen Rosen\u00f6len <\/strong>entdecken. F\u00fcr die Kleinsten gibt es einen <strong>Tierpark<\/strong>. Danach k\u00f6nnen Sie die <strong>3 H\u00f6hlenr\u00e4ume<\/strong> betreten.  <\/p>\n\n\n\n<p class=\"ls-paragraph\">Dieser Besuch ist ideal, um der ganzen Familie eine v\u00f6llige Umstellung zu bieten. <\/p>\n<\/div>\n\n\n\n<div class=\"wp-block-column is-vertically-aligned-bottom second is-layout-flow wp-block-column-is-layout-flow\" style=\"flex-basis:66.66%\">\n<div id=\"ls-heading ls-titre-div-block_64cfc2f85c95ae9c56e9bd95e23d8a8c\" class=\"ls-titre-div alignright h1-like\" >\n    Rosen und Destillation, <b>ein Zauber!<\/b><\/div>\n<\/div>\n<\/div>\n\n\r\n    <\/div>\r\n<\/section><section id=\"ls-section-block_d58f23b7f206a6de8ad2700134f40e6e\" class=\"ls-section  home-one page has-p-t p-t-14 has-p-b p-b-0\" >\r\n        <div class=\"container container--wide\">\r\n        \n\n<div class=\"wp-block-columns are-vertically-aligned-center second is-layout-flex wp-container-core-columns-is-layout-9d6595d7 wp-block-columns-is-layout-flex\">\n<div class=\"wp-block-column is-vertically-aligned-center first is-layout-flow wp-block-column-is-layout-flow\" style=\"flex-basis:60%\">\n<figure class=\"wp-block-image size-full\"><a href=\"https:\/\/camping-la-vallee-des-vignes.com\/wp-content\/uploads\/2024\/06\/visiter-village-troglodytique.webp\"><img decoding=\"async\" width=\"1200\" height=\"750\" src=\"https:\/\/camping-la-vallee-des-vignes.com\/wp-content\/uploads\/2024\/06\/visiter-village-troglodytique.webp\" alt=\"H&#xF6;hlendorf besuchen\" class=\"wp-image-1353\" srcset=\"https:\/\/camping-la-vallee-des-vignes.com\/wp-content\/uploads\/2024\/06\/visiter-village-troglodytique.webp 1200w, https:\/\/camping-la-vallee-des-vignes.com\/wp-content\/uploads\/2024\/06\/visiter-village-troglodytique-300x188.webp 300w, https:\/\/camping-la-vallee-des-vignes.com\/wp-content\/uploads\/2024\/06\/visiter-village-troglodytique-1024x640.webp 1024w, https:\/\/camping-la-vallee-des-vignes.com\/wp-content\/uploads\/2024\/06\/visiter-village-troglodytique-768x480.webp 768w\" sizes=\"(max-width: 1200px) 100vw, 1200px\" \/><\/a><\/figure>\n<\/div>\n\n\n\n<div class=\"wp-block-column is-vertically-aligned-center second is-layout-flow wp-block-column-is-layout-flow\" style=\"flex-basis:40%\">\n<div class=\"wp-block-columns texte is-layout-flex wp-container-core-columns-is-layout-9d6595d7 wp-block-columns-is-layout-flex\">\n<div class=\"wp-block-column is-layout-flow wp-block-column-is-layout-flow\">\n<h2 class=\"ls__heading wp-block-heading\"><strong>H\u00f6hlenwohnungen<\/strong>:  <br\/>Au\u00dfergew\u00f6hnliche Besuche<\/h2>\n\n\n\n<p class=\"ls-paragraph\">Im Anjou wurden im Laufe der letzten 11.000 Jahre rund um Saumur <strong>1.200 km St <\/strong>ollen gegraben. Sie k\u00f6nnen <strong>au\u00dfergew\u00f6hnliche Sehensw\u00fcrdigkeiten<\/strong> wie die Mysterien der Falunen oder das <a href=\"http:\/\/troglodyte.fr\/\" target=\"_blank\" rel=\"noreferrer noopener\">Troglo-Dorf in Rochemenier<\/a> besuchen.<\/p>\n\n\n\n<p class=\"ls-paragraph\">Sie k\u00f6nnen auch Pilzkeller und Troglo Weinkeller besuchen und nat\u00fcrlich in einem Restaurant mit den Spezialit\u00e4ten der Region essen&#8230;.<\/p>\n<\/div>\n<\/div>\n<\/div>\n<\/div>\n\n\r\n    <\/div>\r\n<\/section><section id=\"chemins-de-la-rose\" class=\"ls-section  page-one p-t-10 has-m-t m-t-0 has-p-t p-t-0\" >\r\n        <div class=\"container container--wide\">\r\n        \n\n<div class=\"wp-block-columns is-layout-flex wp-container-core-columns-is-layout-9d6595d7 wp-block-columns-is-layout-flex\">\n<div class=\"wp-block-column is-vertically-aligned-center is-layout-flow wp-block-column-is-layout-flow\" style=\"flex-basis:33.33%\">\n<h2 class=\"ls__heading wp-block-heading\">Die <strong>Wege der Rose<\/strong> <br\/>in Dou\u00e9<\/h2>\n\n\n\n<p class=\"ls-paragraph\">Les <a href=\"https:\/\/www.lescheminsdelarose.com\/en\/the-natural-rose-garden-of-doue-la-fontaine\/\" target=\"_blank\" rel=\"noreferrer noopener\">Chemins de La Rose<\/a> ist ein<strong> Rosengarten <\/strong>, der 1999 in Dou\u00e9 la Fontaine, der Wiege der Rose, angelegt wurde. In diesem<strong> englischen Garten<\/strong>, der sich \u00fcber 4 Hektar erstreckt, k\u00f6nnen Sie zahlreiche Rosensorten entdecken, etwa <strong>13.000 verschiedene Rosenst\u00f6cke<\/strong>. Der Park ist von M\u00e4rz bis November ge\u00f6ffnet, wobei in jeder Jahreszeit eine andere Blumenart bl\u00fcht. Sie k\u00f6nnen Besuche als Einzelperson, Familie, Gruppe und sogar <strong>mit einem 2 CV <\/strong> machen!<\/p>\n\n\n\n<p class=\"ls-paragraph\">Unsere<a href=\"https:\/\/camping-la-vallee-des-vignes.com\/de\/\">Campingplatz ist zwischen Saumur und Cholet gelegen <\/a>. Sie werden nat\u00fcrlich finden, viele andere Besuchen zu machen, als zum Beispiel in <strong>Saumur le cadre noir<\/strong> oder der<strong>mus\u00e9e des blind\u00e9s<\/strong>so wie der <strong> parc oriental \u00e0 Maul\u00e9vrier<\/strong>. <\/p>\n\n\n\n<p class=\"ls-paragraph\">Kommen Sie zur Rezeption des Campingplatzes, wir k\u00f6nnen Ihnen Tipps geben, welche Sehensw\u00fcrdigkeiten Sie sich nicht entgehen lassen sollten! Hier ist ein kleiner Vorgeschmack:  <\/p>\n\n\n\n<ul class=\"ls-list ls-list-undefined wp-block-list\">\n<li><a href=\"https:\/\/camping-la-vallee-des-vignes.com\/de\/die-3-parks-rund-um-den-campingplatz\/\">Die unumg\u00e4nglichen Parks rund um den Campingplatz<\/a><\/li>\n\n\n\n<li><a href=\"https:\/\/camping-la-vallee-des-vignes.com\/de\/die-schloesser\/\">Sehenswerte Schl\u00f6sser in Maine-et-Loire<\/a><\/li>\n\n\n\n<li><a href=\"https:\/\/camping-la-vallee-des-vignes.com\/de\/restaurants-und-weingueter\/\">Unsere Auswahl an H\u00f6hlenrestaurants und Weing\u00fctern<\/a><\/li>\n<\/ul>\n<\/div>\n\n\n\n<div class=\"wp-block-column is-layout-flow wp-block-column-is-layout-flow\" style=\"flex-basis:66.66%\">\n<figure class=\"wp-block-image size-full\"><a href=\"https:\/\/camping-la-vallee-des-vignes.com\/wp-content\/uploads\/2024\/06\/jardin-roses.webp\"><img decoding=\"async\" width=\"1200\" height=\"750\" src=\"https:\/\/camping-la-vallee-des-vignes.com\/wp-content\/uploads\/2024\/06\/jardin-roses.webp\" alt=\"Rosengarten\" class=\"wp-image-1358\" srcset=\"https:\/\/camping-la-vallee-des-vignes.com\/wp-content\/uploads\/2024\/06\/jardin-roses.webp 1200w, https:\/\/camping-la-vallee-des-vignes.com\/wp-content\/uploads\/2024\/06\/jardin-roses-300x188.webp 300w, https:\/\/camping-la-vallee-des-vignes.com\/wp-content\/uploads\/2024\/06\/jardin-roses-1024x640.webp 1024w, https:\/\/camping-la-vallee-des-vignes.com\/wp-content\/uploads\/2024\/06\/jardin-roses-768x480.webp 768w\" sizes=\"(max-width: 1200px) 100vw, 1200px\" \/><\/a><\/figure>\n<\/div>\n<\/div>\n\n\r\n    <\/div>\r\n<\/section><section id=\"ls-section-block_911ff7f84f57fa6ac8bc087240676640\" class=\"ls-section  page-maillage has-background has-color-4-background-color has-m-b m-b-0 has-p-t p-t-14 has-p-b p-b-14\" >\r\n        <div class=\"container container--wide\">\r\n        \n\n<div id=\"ls-heading ls-titre-div-block_33a463b555a9a8dd166b4459c9c88d2a\" class=\"ls-titre-div aligncenter h1-like\" >\n    Entdecken Sie die Sch\u00e4tze rund um den Campingplatz<\/div>\n\n\n<div id=\"ls-maillage-block_ab2b8f7d3c6428fa1698eddd237e1abe\" class=\"ls-maillage cta-style-normal\" data-rows=\"3\">\n    <div class=\"wp-block-columns\"><div class=\"wp-block-column\"><div class=\"ls-cta\">\n\n<a href=\"https:\/\/camping-la-vallee-des-vignes.com\/de\/die-3-parks-rund-um-den-campingplatz\/\" target=\"\" rel=\"noopener\" class=\"ls-cta__link\" data-categ=\"\">\n\t<div class=\"ls-cta__image\"><img decoding=\"async\" src=\"https:\/\/camping-la-vallee-des-vignes.com\/wp-content\/uploads\/2024\/04\/Camping-La-vallee-des-Vignes-Futuroscope.webp\" alt=\"Die 3 Parks rund um den Campingplatz\"><\/div>\n\t<div class=\"ls-cta__title\">\n\t\t<span>Die 3 Parks rund um den Campingplatz<\/span> <i class=\"vignes-fleche\"><\/i>\n\t<\/div>\n\n\t<\/a><\/div><\/div><div class=\"wp-block-column\"><div class=\"ls-cta\">\n\n<a href=\"https:\/\/camping-la-vallee-des-vignes.com\/de\/die-schloesser\/\" target=\"\" rel=\"noopener\" class=\"ls-cta__link\" data-categ=\"\">\n\t<div class=\"ls-cta__image\"><img decoding=\"async\" src=\"https:\/\/camping-la-vallee-des-vignes.com\/wp-content\/uploads\/2024\/04\/chauteau-Saumur-sebastien-gaudard.webp\" alt=\"Die Schl\u00f6sser\"><\/div>\n\t<div class=\"ls-cta__title\">\n\t\t<span>Die Schl\u00f6sser<\/span> <i class=\"vignes-fleche\"><\/i>\n\t<\/div>\n\n\t<\/a><\/div><\/div><div class=\"wp-block-column\"><div class=\"ls-cta\">\n\n<a href=\"https:\/\/camping-la-vallee-des-vignes.com\/de\/restaurants-und-weingueter\/\" target=\"\" rel=\"noopener\" class=\"ls-cta__link\" data-categ=\"\">\n\t<div class=\"ls-cta__image\"><img decoding=\"async\" src=\"https:\/\/camping-la-vallee-des-vignes.com\/wp-content\/uploads\/2024\/04\/coupe-vin-rouge.webp\" alt=\"coupe vin rouge\"><\/div>\n\t<div class=\"ls-cta__title\">\n\t\t<span>Restaurants und Weing\u00fcter<\/span> <i class=\"vignes-fleche\"><\/i>\n\t<\/div>\n\n\t<\/a><\/div><\/div><\/div><\/div>\n\r\n    <\/div>\r\n<\/section>","protected":false},"excerpt":{"rendered":"","protected":false},"author":4,"featured_media":1734,"parent":0,"menu_order":0,"comment_status":"closed","ping_status":"closed","template":"","meta":{"_acf_changed":false,"inline_featured_image":false,"footnotes":""},"sujet":[],"class_list":["post-1730","page","type-page","status-publish","has-post-thumbnail","hentry"],"acf":[],"yoast_head":"<!-- This site is optimized with the Yoast SEO plugin v25.3 - https:\/\/yoast.com\/wordpress\/plugins\/seo\/ -->\n<title>Entdecken Sie Maine-et-Loire W\u00e4rhend Ihre Aufenthalt<\/title>\n<meta name=\"description\" content=\"Kommen Sie and entdecken Sie der Maine-et-Loire mit unserer unumg\u00e4nglicher Besuch Selection f\u00fcr Ihren Urlaub auf dem Campingplatz in der N\u00e4he von de Saumur.\" \/>\n<meta name=\"robots\" content=\"index, follow, max-snippet:-1, max-image-preview:large, max-video-preview:-1\" \/>\n<link rel=\"canonical\" href=\"https:\/\/camping-la-vallee-des-vignes.com\/de\/entdecken-le-maine-et-loire\/\" \/>\n<meta property=\"og:locale\" content=\"de_DE\" \/>\n<meta property=\"og:type\" content=\"article\" \/>\n<meta property=\"og:title\" content=\"Entdecken Sie Maine-et-Loire W\u00e4rhend Ihre Aufenthalt\" \/>\n<meta property=\"og:description\" content=\"Kommen Sie and entdecken Sie der Maine-et-Loire mit unserer unumg\u00e4nglicher Besuch Selection f\u00fcr Ihren Urlaub auf dem Campingplatz in der N\u00e4he von de Saumur.\" \/>\n<meta property=\"og:url\" content=\"https:\/\/camping-la-vallee-des-vignes.com\/de\/entdecken-le-maine-et-loire\/\" \/>\n<meta property=\"og:site_name\" content=\"Camping La Vall\u00e9e des Vignes\" \/>\n<meta property=\"article:modified_time\" content=\"2024-07-18T15:05:40+00:00\" \/>\n<meta property=\"og:image\" content=\"https:\/\/camping-la-vallee-des-vignes.com\/wp-content\/uploads\/2024\/04\/Maine-et-Loire-Saumur-e1712069876952.webp\" \/>\n\t<meta property=\"og:image:width\" content=\"1920\" \/>\n\t<meta property=\"og:image:height\" content=\"956\" \/>\n\t<meta property=\"og:image:type\" content=\"image\/webp\" \/>\n<meta name=\"twitter:card\" content=\"summary_large_image\" \/>\n<meta name=\"twitter:label1\" content=\"Gesch\u00e4tzte Lesezeit\" \/>\n\t<meta name=\"twitter:data1\" content=\"3\u00a0Minuten\" \/>\n<script type=\"application\/ld+json\" class=\"yoast-schema-graph\">{\"@context\":\"https:\/\/schema.org\",\"@graph\":[{\"@type\":\"WebPage\",\"@id\":\"https:\/\/camping-la-vallee-des-vignes.com\/de\/entdecken-le-maine-et-loire\/\",\"url\":\"https:\/\/camping-la-vallee-des-vignes.com\/de\/entdecken-le-maine-et-loire\/\",\"name\":\"Entdecken Sie Maine-et-Loire W\u00e4rhend Ihre Aufenthalt\",\"isPartOf\":{\"@id\":\"https:\/\/camping-la-vallee-des-vignes.com\/#website\"},\"primaryImageOfPage\":{\"@id\":\"https:\/\/camping-la-vallee-des-vignes.com\/de\/entdecken-le-maine-et-loire\/#primaryimage\"},\"image\":{\"@id\":\"https:\/\/camping-la-vallee-des-vignes.com\/de\/entdecken-le-maine-et-loire\/#primaryimage\"},\"thumbnailUrl\":\"https:\/\/camping-la-vallee-des-vignes.com\/wp-content\/uploads\/2024\/04\/Maine-et-Loire-Saumur-e1712069876952.webp\",\"datePublished\":\"2024-03-26T14:10:55+00:00\",\"dateModified\":\"2024-07-18T15:05:40+00:00\",\"description\":\"Kommen Sie and entdecken Sie der Maine-et-Loire mit unserer unumg\u00e4nglicher Besuch Selection f\u00fcr Ihren Urlaub auf dem Campingplatz in der N\u00e4he von de Saumur.\",\"breadcrumb\":{\"@id\":\"https:\/\/camping-la-vallee-des-vignes.com\/de\/entdecken-le-maine-et-loire\/#breadcrumb\"},\"inLanguage\":\"de\",\"potentialAction\":[{\"@type\":\"ReadAction\",\"target\":[\"https:\/\/camping-la-vallee-des-vignes.com\/de\/entdecken-le-maine-et-loire\/\"]}]},{\"@type\":\"ImageObject\",\"inLanguage\":\"de\",\"@id\":\"https:\/\/camping-la-vallee-des-vignes.com\/de\/entdecken-le-maine-et-loire\/#primaryimage\",\"url\":\"https:\/\/camping-la-vallee-des-vignes.com\/wp-content\/uploads\/2024\/04\/Maine-et-Loire-Saumur-e1712069876952.webp\",\"contentUrl\":\"https:\/\/camping-la-vallee-des-vignes.com\/wp-content\/uploads\/2024\/04\/Maine-et-Loire-Saumur-e1712069876952.webp\",\"width\":1920,\"height\":956,\"caption\":\"Maine et Loire Saumur\"},{\"@type\":\"BreadcrumbList\",\"@id\":\"https:\/\/camping-la-vallee-des-vignes.com\/de\/entdecken-le-maine-et-loire\/#breadcrumb\",\"itemListElement\":[{\"@type\":\"ListItem\",\"position\":1,\"name\":\"Camping Maine-et-Loire\",\"item\":\"https:\/\/camping-la-vallee-des-vignes.com\/de\/\"},{\"@type\":\"ListItem\",\"position\":2,\"name\":\"Entdecken Sie das Departement Maine-et-Loire\"}]},{\"@type\":\"WebSite\",\"@id\":\"https:\/\/camping-la-vallee-des-vignes.com\/#website\",\"url\":\"https:\/\/camping-la-vallee-des-vignes.com\/\",\"name\":\"Camping La Vall\u00e9e des Vignes\",\"description\":\"\",\"publisher\":{\"@id\":\"https:\/\/camping-la-vallee-des-vignes.com\/#organization\"},\"potentialAction\":[{\"@type\":\"SearchAction\",\"target\":{\"@type\":\"EntryPoint\",\"urlTemplate\":\"https:\/\/camping-la-vallee-des-vignes.com\/?s={search_term_string}\"},\"query-input\":{\"@type\":\"PropertyValueSpecification\",\"valueRequired\":true,\"valueName\":\"search_term_string\"}}],\"inLanguage\":\"de\"},{\"@type\":\"Organization\",\"@id\":\"https:\/\/camping-la-vallee-des-vignes.com\/#organization\",\"name\":\"Camping La Vall\u00e9e des Vignes\",\"url\":\"https:\/\/camping-la-vallee-des-vignes.com\/\",\"logo\":{\"@type\":\"ImageObject\",\"inLanguage\":\"de\",\"@id\":\"https:\/\/camping-la-vallee-des-vignes.com\/#\/schema\/logo\/image\/\",\"url\":\"https:\/\/camping-la-vallee-des-vignes.com\/wp-content\/uploads\/2024\/03\/logo-camping-vallee-des-vignes.webp\",\"contentUrl\":\"https:\/\/camping-la-vallee-des-vignes.com\/wp-content\/uploads\/2024\/03\/logo-camping-vallee-des-vignes.webp\",\"width\":500,\"height\":500,\"caption\":\"Camping La Vall\u00e9e des Vignes\"},\"image\":{\"@id\":\"https:\/\/camping-la-vallee-des-vignes.com\/#\/schema\/logo\/image\/\"}}]}<\/script>\n<!-- \/ Yoast SEO plugin. -->","yoast_head_json":{"title":"Entdecken Sie Maine-et-Loire W\u00e4rhend Ihre Aufenthalt","description":"Kommen Sie and entdecken Sie der Maine-et-Loire mit unserer unumg\u00e4nglicher Besuch Selection f\u00fcr Ihren Urlaub auf dem Campingplatz in der N\u00e4he von de Saumur.","robots":{"index":"index","follow":"follow","max-snippet":"max-snippet:-1","max-image-preview":"max-image-preview:large","max-video-preview":"max-video-preview:-1"},"canonical":"https:\/\/camping-la-vallee-des-vignes.com\/de\/entdecken-le-maine-et-loire\/","og_locale":"de_DE","og_type":"article","og_title":"Entdecken Sie Maine-et-Loire W\u00e4rhend Ihre Aufenthalt","og_description":"Kommen Sie and entdecken Sie der Maine-et-Loire mit unserer unumg\u00e4nglicher Besuch Selection f\u00fcr Ihren Urlaub auf dem Campingplatz in der N\u00e4he von de Saumur.","og_url":"https:\/\/camping-la-vallee-des-vignes.com\/de\/entdecken-le-maine-et-loire\/","og_site_name":"Camping La Vall\u00e9e des Vignes","article_modified_time":"2024-07-18T15:05:40+00:00","og_image":[{"width":1920,"height":956,"url":"https:\/\/camping-la-vallee-des-vignes.com\/wp-content\/uploads\/2024\/04\/Maine-et-Loire-Saumur-e1712069876952.webp","type":"image\/webp"}],"twitter_card":"summary_large_image","twitter_misc":{"Gesch\u00e4tzte Lesezeit":"3\u00a0Minuten"},"schema":{"@context":"https:\/\/schema.org","@graph":[{"@type":"WebPage","@id":"https:\/\/camping-la-vallee-des-vignes.com\/de\/entdecken-le-maine-et-loire\/","url":"https:\/\/camping-la-vallee-des-vignes.com\/de\/entdecken-le-maine-et-loire\/","name":"Entdecken Sie Maine-et-Loire W\u00e4rhend Ihre Aufenthalt","isPartOf":{"@id":"https:\/\/camping-la-vallee-des-vignes.com\/#website"},"primaryImageOfPage":{"@id":"https:\/\/camping-la-vallee-des-vignes.com\/de\/entdecken-le-maine-et-loire\/#primaryimage"},"image":{"@id":"https:\/\/camping-la-vallee-des-vignes.com\/de\/entdecken-le-maine-et-loire\/#primaryimage"},"thumbnailUrl":"https:\/\/camping-la-vallee-des-vignes.com\/wp-content\/uploads\/2024\/04\/Maine-et-Loire-Saumur-e1712069876952.webp","datePublished":"2024-03-26T14:10:55+00:00","dateModified":"2024-07-18T15:05:40+00:00","description":"Kommen Sie and entdecken Sie der Maine-et-Loire mit unserer unumg\u00e4nglicher Besuch Selection f\u00fcr Ihren Urlaub auf dem Campingplatz in der N\u00e4he von de Saumur.","breadcrumb":{"@id":"https:\/\/camping-la-vallee-des-vignes.com\/de\/entdecken-le-maine-et-loire\/#breadcrumb"},"inLanguage":"de","potentialAction":[{"@type":"ReadAction","target":["https:\/\/camping-la-vallee-des-vignes.com\/de\/entdecken-le-maine-et-loire\/"]}]},{"@type":"ImageObject","inLanguage":"de","@id":"https:\/\/camping-la-vallee-des-vignes.com\/de\/entdecken-le-maine-et-loire\/#primaryimage","url":"https:\/\/camping-la-vallee-des-vignes.com\/wp-content\/uploads\/2024\/04\/Maine-et-Loire-Saumur-e1712069876952.webp","contentUrl":"https:\/\/camping-la-vallee-des-vignes.com\/wp-content\/uploads\/2024\/04\/Maine-et-Loire-Saumur-e1712069876952.webp","width":1920,"height":956,"caption":"Maine et Loire Saumur"},{"@type":"BreadcrumbList","@id":"https:\/\/camping-la-vallee-des-vignes.com\/de\/entdecken-le-maine-et-loire\/#breadcrumb","itemListElement":[{"@type":"ListItem","position":1,"name":"Camping Maine-et-Loire","item":"https:\/\/camping-la-vallee-des-vignes.com\/de\/"},{"@type":"ListItem","position":2,"name":"Entdecken Sie das Departement Maine-et-Loire"}]},{"@type":"WebSite","@id":"https:\/\/camping-la-vallee-des-vignes.com\/#website","url":"https:\/\/camping-la-vallee-des-vignes.com\/","name":"Camping La Vall\u00e9e des Vignes","description":"","publisher":{"@id":"https:\/\/camping-la-vallee-des-vignes.com\/#organization"},"potentialAction":[{"@type":"SearchAction","target":{"@type":"EntryPoint","urlTemplate":"https:\/\/camping-la-vallee-des-vignes.com\/?s={search_term_string}"},"query-input":{"@type":"PropertyValueSpecification","valueRequired":true,"valueName":"search_term_string"}}],"inLanguage":"de"},{"@type":"Organization","@id":"https:\/\/camping-la-vallee-des-vignes.com\/#organization","name":"Camping La Vall\u00e9e des Vignes","url":"https:\/\/camping-la-vallee-des-vignes.com\/","logo":{"@type":"ImageObject","inLanguage":"de","@id":"https:\/\/camping-la-vallee-des-vignes.com\/#\/schema\/logo\/image\/","url":"https:\/\/camping-la-vallee-des-vignes.com\/wp-content\/uploads\/2024\/03\/logo-camping-vallee-des-vignes.webp","contentUrl":"https:\/\/camping-la-vallee-des-vignes.com\/wp-content\/uploads\/2024\/03\/logo-camping-vallee-des-vignes.webp","width":500,"height":500,"caption":"Camping La Vall\u00e9e des Vignes"},"image":{"@id":"https:\/\/camping-la-vallee-des-vignes.com\/#\/schema\/logo\/image\/"}}]}},"_links":{"self":[{"href":"https:\/\/camping-la-vallee-des-vignes.com\/de\/wp-json\/wp\/v2\/pages\/1730","targetHints":{"allow":["GET"]}}],"collection":[{"href":"https:\/\/camping-la-vallee-des-vignes.com\/de\/wp-json\/wp\/v2\/pages"}],"about":[{"href":"https:\/\/camping-la-vallee-des-vignes.com\/de\/wp-json\/wp\/v2\/types\/page"}],"author":[{"embeddable":true,"href":"https:\/\/camping-la-vallee-des-vignes.com\/de\/wp-json\/wp\/v2\/users\/4"}],"replies":[{"embeddable":true,"href":"https:\/\/camping-la-vallee-des-vignes.com\/de\/wp-json\/wp\/v2\/comments?post=1730"}],"version-history":[{"count":11,"href":"https:\/\/camping-la-vallee-des-vignes.com\/de\/wp-json\/wp\/v2\/pages\/1730\/revisions"}],"predecessor-version":[{"id":2179,"href":"https:\/\/camping-la-vallee-des-vignes.com\/de\/wp-json\/wp\/v2\/pages\/1730\/revisions\/2179"}],"wp:featuredmedia":[{"embeddable":true,"href":"https:\/\/camping-la-vallee-des-vignes.com\/de\/wp-json\/wp\/v2\/media\/1734"}],"wp:attachment":[{"href":"https:\/\/camping-la-vallee-des-vignes.com\/de\/wp-json\/wp\/v2\/media?parent=1730"}],"wp:term":[{"taxonomy":"sujet","embeddable":true,"href":"https:\/\/camping-la-vallee-des-vignes.com\/de\/wp-json\/wp\/v2\/sujet?post=1730"}],"curies":[{"name":"wp","href":"https:\/\/api.w.org\/{rel}","templated":true}]}}