{"id":1752,"date":"2024-03-26T15:11:53","date_gmt":"2024-03-26T14:11:53","guid":{"rendered":"https:\/\/camping-la-vallee-des-vignes.com\/die-3-parks-rund-um-den-campingplatz\/"},"modified":"2024-07-17T09:41:52","modified_gmt":"2024-07-17T07:41:52","slug":"die-3-parks-rund-um-den-campingplatz","status":"publish","type":"page","link":"https:\/\/camping-la-vallee-des-vignes.com\/de\/die-3-parks-rund-um-den-campingplatz\/","title":{"rendered":"Die 3 Parks rund um den Campingplatz"},"content":{"rendered":"<section id=\"ls-section-block_a43f09beb5cbae290703adf8869db0a2\" class=\"ls-section  page-intro has-m-b m-b-0 has-p-t p-t-0\" >\r\n        <div class=\"container \">\r\n        \n\n<h1 class=\"ls__heading wp-block-heading has-text-align-center\">Parks f\u00fcr einen Familientag in Maine-et-Loire<\/h1>\n\n\r\n    <\/div>\r\n<\/section><section id=\"bioparc\" class=\"ls-section  page-one has-m-t m-t-0 has-p-t p-t-0\" >\r\n        <div class=\"container container--wide\">\r\n        \n\n<div class=\"wp-block-columns is-layout-flex wp-container-core-columns-is-layout-9d6595d7 wp-block-columns-is-layout-flex\">\n<div class=\"wp-block-column is-vertically-aligned-center is-layout-flow wp-block-column-is-layout-flow\" style=\"flex-basis:33.33%\">\n<h2 class=\"ls__heading wp-block-heading\"><strong>Zoo Bioparc<\/strong>: ein Tag mit den Tieren in der N\u00e4he<\/h2>\n\n\n\n<p class=\"ls-paragraph has-text-align-left\">Unser <a href=\"https:\/\/camping-la-vallee-des-vignes.com\/de\/\" target=\"_blank\" rel=\"noreferrer noopener\">Campingplatz im Herzen des Departements Maine-et-Loire<\/a> ist ideal gelegen und weniger als eine <strong>Autostunde von zwei gro\u00dfen, anerkannten Nationalparks entfernt<\/strong>. Der <strong>Bioparc<\/strong> liegt nur <strong>5 Minuten<\/strong> vom Campingplatz entfernt.<\/p>\n\n\n\n<p class=\"ls-paragraph\">Der <a href=\"https:\/\/www.bioparc-zoo.fr\/\" target=\"_blank\" rel=\"noreferrer noopener\">Zoo Bioparc de Dou\u00e9-la-Fontaine<\/a> wurde 1961 von den Gr\u00fcndern des Zoo des Sables in Les Sables d&#8217;Olonne gegr\u00fcndet. Der Park sorgt f\u00fcr einen unglaublichen Besucherandrang in der Region und macht Dou\u00e9-la-Fontaine ber\u00fchmt. Er beherbergt <strong>130 verschiedene Tierarten<\/strong> und z\u00e4hlt <strong>1.900 Tiere<\/strong> <strong>in<\/strong> seinem Park. Der Zoo ist vor allem f\u00fcr seine Ende letzten Jahres geborenen Giraffen und die Anfang des Jahres geborenen Wolfsbabys bekannt.  <\/p>\n<\/div>\n\n\n\n<div class=\"wp-block-column is-layout-flow wp-block-column-is-layout-flow\" style=\"flex-basis:66.66%\">\n<figure class=\"wp-block-image size-full animated fadeIn delay-100ms slow\"><a href=\"https:\/\/camping-la-vallee-des-vignes.com\/wp-content\/uploads\/2024\/04\/Camping-La-Vallee-des-Vignes-Bioparc.webp\"><img decoding=\"async\" width=\"1920\" height=\"1280\" src=\"https:\/\/camping-la-vallee-des-vignes.com\/wp-content\/uploads\/2024\/04\/Camping-La-Vallee-des-Vignes-Bioparc.webp\" alt=\"Campingplatz La Vallee des Vignes Bioparc\" class=\"wp-image-1164\" srcset=\"https:\/\/camping-la-vallee-des-vignes.com\/wp-content\/uploads\/2024\/04\/Camping-La-Vallee-des-Vignes-Bioparc.webp 1920w, https:\/\/camping-la-vallee-des-vignes.com\/wp-content\/uploads\/2024\/04\/Camping-La-Vallee-des-Vignes-Bioparc-300x200.webp 300w, https:\/\/camping-la-vallee-des-vignes.com\/wp-content\/uploads\/2024\/04\/Camping-La-Vallee-des-Vignes-Bioparc-1024x683.webp 1024w, https:\/\/camping-la-vallee-des-vignes.com\/wp-content\/uploads\/2024\/04\/Camping-La-Vallee-des-Vignes-Bioparc-768x512.webp 768w, https:\/\/camping-la-vallee-des-vignes.com\/wp-content\/uploads\/2024\/04\/Camping-La-Vallee-des-Vignes-Bioparc-1536x1024.webp 1536w\" sizes=\"(max-width: 1920px) 100vw, 1920px\" \/><\/a><\/figure>\n<\/div>\n<\/div>\n\n\r\n    <\/div>\r\n<\/section><section id=\"puy-du-fou\" class=\"ls-section  home-two has-background-image has-background has-color-black-background-color has-m-b m-b-0 has-p-t p-t-30 has-p-b p-b-14\" >\r\n    <div class=\"ls-section__background-image opacity-80\"><img decoding=\"async\" src=\"https:\/\/camping-la-vallee-des-vignes.com\/wp-content\/uploads\/2024\/04\/Camping-La-Vallee-des-Vignes-Puy-du-Fou.webp\" alt=\"Camping La Vallee des Vignes Puy du Fou\"><\/div>    <div class=\"container container--wide\">\r\n        \n\n<div class=\"wp-block-columns is-layout-flex wp-container-core-columns-is-layout-9d6595d7 wp-block-columns-is-layout-flex\">\n<div class=\"wp-block-column is-vertically-aligned-bottom first is-layout-flow wp-block-column-is-layout-flow\" style=\"flex-basis:33.33%\">\n<h2 class=\"ls__heading wp-block-heading\">Besuch des <strong>Puy du Fou<\/strong><\/h2>\n\n\n\n<p class=\"ls-paragraph\">Der <a href=\"https:\/\/www.puydufou.com\/france\/fr\" target=\"_blank\" rel=\"noreferrer noopener\">prestigetr\u00e4chtige Park Puy du Fou <\/a>liegt <strong>weniger als eine Stunde vom Campingplatz<\/strong> entfernt. Dies ist eine gute M\u00f6glichkeit, um die <strong>Cin\u00e9sc\u00e9nie<\/strong> zu besuchen. Der Park bietet Ihnen eine <strong>Reise<\/strong> vom R\u00f6mischen Reich bis zum Ersten Weltkrieg mit 20 sensationellen Shows.<\/p>\n\n\n\n<p class=\"ls-paragraph\">Genie\u00dfen Sie <strong>entspannende Spazierg\u00e4nge<\/strong> durch die Natur oder <strong>r\u00fchrende Begegnungen mit Tieren<\/strong>&#8230;<\/p>\n<\/div>\n\n\n\n<div class=\"wp-block-column is-vertically-aligned-bottom second is-layout-flow wp-block-column-is-layout-flow\" style=\"flex-basis:66.66%\">\n<div id=\"ls-heading ls-titre-div-block_56569b121f7dd70b8e2e5f72f03538f0\" class=\"ls-titre-div alignright h1-like\" >\n    Historische Erkundung, <b>Emotionen garantiert<\/b>!<\/div>\n<\/div>\n<\/div>\n\n\r\n    <\/div>\r\n<\/section><section id=\"ls-section-block_21adc4a0bea3d95b15fe0d1ebb37f342\" class=\"ls-section  home-one page has-p-t p-t-14 has-p-b p-b-0\" >\r\n        <div class=\"container container--wide\">\r\n        \n\n<div class=\"wp-block-columns are-vertically-aligned-center second is-layout-flex wp-container-core-columns-is-layout-9d6595d7 wp-block-columns-is-layout-flex\">\n<div class=\"wp-block-column is-vertically-aligned-center first is-layout-flow wp-block-column-is-layout-flow\" style=\"flex-basis:60%\">\n<figure class=\"wp-block-image size-full\"><a href=\"https:\/\/camping-la-vallee-des-vignes.com\/wp-content\/uploads\/2024\/04\/Futuroscope.webp\"><img decoding=\"async\" width=\"1920\" height=\"1020\" src=\"https:\/\/camping-la-vallee-des-vignes.com\/wp-content\/uploads\/2024\/04\/Futuroscope.webp\" alt=\"Futuroscope\" class=\"wp-image-1154\" srcset=\"https:\/\/camping-la-vallee-des-vignes.com\/wp-content\/uploads\/2024\/04\/Futuroscope.webp 1920w, https:\/\/camping-la-vallee-des-vignes.com\/wp-content\/uploads\/2024\/04\/Futuroscope-300x159.webp 300w, https:\/\/camping-la-vallee-des-vignes.com\/wp-content\/uploads\/2024\/04\/Futuroscope-1024x544.webp 1024w, https:\/\/camping-la-vallee-des-vignes.com\/wp-content\/uploads\/2024\/04\/Futuroscope-768x408.webp 768w, https:\/\/camping-la-vallee-des-vignes.com\/wp-content\/uploads\/2024\/04\/Futuroscope-1536x816.webp 1536w\" sizes=\"(max-width: 1920px) 100vw, 1920px\" \/><\/a><\/figure>\n<\/div>\n\n\n\n<div class=\"wp-block-column is-vertically-aligned-center second is-layout-flow wp-block-column-is-layout-flow\" style=\"flex-basis:40%\">\n<div class=\"wp-block-columns texte is-layout-flex wp-container-core-columns-is-layout-9d6595d7 wp-block-columns-is-layout-flex\">\n<div class=\"wp-block-column is-vertically-aligned-center is-layout-flow wp-block-column-is-layout-flow\">\n<h2 class=\"ls__heading wp-block-heading\"><strong>Futuroscope<\/strong> <br\/>1 Std. 15 Min. vom Campingplatz entfernt<\/h2>\n\n\n\n<p class=\"ls-paragraph\">Der ber\u00fchmte Vergn\u00fcgungspark <a href=\"https:\/\/www.futuroscope.com\/fr\/\" target=\"_blank\" rel=\"noreferrer noopener\">Futuroscope<\/a> liegt <strong>nur eine Autostunde<\/strong> vom Campingplatz entfernt. Es ist Zeit f\u00fcr einen kleinen Ausflug in die Weltraumstreitkr\u00e4fte.<\/p>\n\n\n\n<p class=\"ls-paragraph\">Sie k\u00f6nnen <strong>als Einzelperson, als Familie oder als Gruppe<\/strong> teilnehmen. Neben Objectif Mars und La Cl\u00e9 des Songes gibt es eine <strong>Vielzahl von Attraktionen, die Sie besuchen k\u00f6nnen<\/strong>.<\/p>\n<\/div>\n<\/div>\n<\/div>\n<\/div>\n\n\r\n    <\/div>\r\n<\/section><section id=\"ls-section-block_656e7ebc7858969eb3206744aa492a72\" class=\"ls-section  page-one p-t-10 has-m-t m-t-0 has-p-t p-t-0\" >\r\n        <div class=\"container container--wide\">\r\n        \n\n<div class=\"wp-block-columns is-layout-flex wp-container-core-columns-is-layout-9d6595d7 wp-block-columns-is-layout-flex\">\n<div class=\"wp-block-column is-vertically-aligned-center is-layout-flow wp-block-column-is-layout-flow\" style=\"flex-basis:33.33%\">\n<h2 class=\"ls__heading wp-block-heading\"><strong>Kauf von Eintritts<\/strong> karten direkt auf dem Campingplatz<\/h2>\n\n\n\n<p class=\"ls-paragraph\">Um Ihnen das Leben zu erleichtern, bieten wir Ihnen an, die Pl\u00e4tze <strong>direkt an der Rezeption<\/strong> des Campingplatzes zu verkaufen. Dies erspart Ihnen das Anstehen in der gro\u00dfen Warteschlange und erm\u00f6glicht Ihnen den Zugang zu <strong>filterfreien Tickets<\/strong>. So k\u00f6nnen Sie sicher sein, dass Sie die verschiedenen Parks besuchen k\u00f6nnen, w\u00e4hrend Sie gleichzeitig Ihren Zeitplan f\u00fcr die Teilnahme an den Abendveranstaltungen des Campingplatzes organisieren.<\/p>\n\n\n\n<p class=\"ls-paragraph\">Haben Sie Lust, das <strong>Maine-et-Loire weiter zu entdecken<\/strong>? Freuen Sie sich, dass es in unserem Gebiet viele <strong>au\u00dfergew\u00f6hnliche Orte und<\/strong>Sehensw\u00fcrdigkeiten gibt! Um Ihnen das Urlaubsprogramm zu vereinfachen, haben wir Ihnen eine Auswahl der <strong>sch\u00f6nsten<\/strong> Besichtigungen zusammengestellt, die Sie <a href=\"https:\/\/camping-la-vallee-des-vignes.com\/de\/zu-besuchen\/\"> im Departement Maine-et-Loire unternehmen k\u00f6nnen,<\/a> <a href=\"https:\/\/camping-la-vallee-des-vignes.com\/de\/die-schloesser\/\">der unumg\u00e4nglichen Schl\u00f6sser,<\/a> die es zu erkunden gilt, und der <a href=\"https:\/\/camping-la-vallee-des-vignes.com\/de\/restaurants-und-weingueter\/\">H\u00f6hlenrestaurants und Weing\u00fcter, die es rund um den Campingplatz<\/a> in der N\u00e4he von Saumur zu entdecken gilt!<\/p>\n<\/div>\n\n\n\n<div class=\"wp-block-column is-layout-flow wp-block-column-is-layout-flow\" style=\"flex-basis:66.66%\">\n<figure class=\"wp-block-image size-full\"><a href=\"https:\/\/camping-la-vallee-des-vignes.com\/wp-content\/uploads\/2024\/06\/Anjou-Val-de-Loire-tourisme.webp\"><img decoding=\"async\" width=\"1200\" height=\"900\" src=\"https:\/\/camping-la-vallee-des-vignes.com\/wp-content\/uploads\/2024\/06\/Anjou-Val-de-Loire-tourisme.webp\" alt=\"Anjou Val de Loire Tourismus\" class=\"wp-image-1394\" srcset=\"https:\/\/camping-la-vallee-des-vignes.com\/wp-content\/uploads\/2024\/06\/Anjou-Val-de-Loire-tourisme.webp 1200w, https:\/\/camping-la-vallee-des-vignes.com\/wp-content\/uploads\/2024\/06\/Anjou-Val-de-Loire-tourisme-300x225.webp 300w, https:\/\/camping-la-vallee-des-vignes.com\/wp-content\/uploads\/2024\/06\/Anjou-Val-de-Loire-tourisme-1024x768.webp 1024w, https:\/\/camping-la-vallee-des-vignes.com\/wp-content\/uploads\/2024\/06\/Anjou-Val-de-Loire-tourisme-768x576.webp 768w\" sizes=\"(max-width: 1200px) 100vw, 1200px\" \/><\/a><\/figure>\n<\/div>\n<\/div>\n\n\r\n    <\/div>\r\n<\/section><section id=\"ls-section-block_369f661f28a7ec6048a32f7e03bccf48\" class=\"ls-section  page-maillage has-background has-color-4-background-color has-m-b m-b-0 has-p-t p-t-14 has-p-b p-b-14\" >\r\n        <div class=\"container container--wide\">\r\n        \n\n<div id=\"ls-heading ls-titre-div-block_3dd1c6d2db53349c4ed50c918e16bea5\" class=\"ls-titre-div aligncenter h1-like\" >\n    Entdecken Sie die Aktivit\u00e4ten rund um den Campingplatz<\/div>\n\n\n<div id=\"ls-maillage-block_182624f3ba6ddd25d51f2da094dd29cd\" class=\"ls-maillage cta-style-normal\" data-rows=\"3\">\n    <div class=\"wp-block-columns\"><div class=\"wp-block-column\"><div class=\"ls-cta\">\n\n<a href=\"https:\/\/camping-la-vallee-des-vignes.com\/de\/entdecken-le-maine-et-loire\/\" target=\"\" rel=\"noopener\" class=\"ls-cta__link\" data-categ=\"\">\n\t<div class=\"ls-cta__image\"><img decoding=\"async\" src=\"https:\/\/camping-la-vallee-des-vignes.com\/wp-content\/uploads\/2024\/04\/Maine-et-Loire-Saumur-e1712069876952.webp\" alt=\"Entdecken Sie das Departement Maine-et-Loire\"><\/div>\n\t<div class=\"ls-cta__title\">\n\t\t<span>Entdecken Sie das Departement Maine-et-Loire<\/span> <i class=\"vignes-fleche\"><\/i>\n\t<\/div>\n\n\t<\/a><\/div><\/div><div class=\"wp-block-column\"><div class=\"ls-cta\">\n\n<a href=\"https:\/\/camping-la-vallee-des-vignes.com\/de\/die-schloesser\/\" target=\"\" rel=\"noopener\" class=\"ls-cta__link\" data-categ=\"\">\n\t<div class=\"ls-cta__image\"><img decoding=\"async\" src=\"https:\/\/camping-la-vallee-des-vignes.com\/wp-content\/uploads\/2024\/04\/chauteau-Saumur-sebastien-gaudard.webp\" alt=\"Die Schl\u00f6sser\"><\/div>\n\t<div class=\"ls-cta__title\">\n\t\t<span>Die Schl\u00f6sser<\/span> <i class=\"vignes-fleche\"><\/i>\n\t<\/div>\n\n\t<\/a><\/div><\/div><div class=\"wp-block-column\"><div class=\"ls-cta\">\n\n<a href=\"https:\/\/camping-la-vallee-des-vignes.com\/de\/restaurants-und-weingueter\/\" target=\"\" rel=\"noopener\" class=\"ls-cta__link\" data-categ=\"\">\n\t<div class=\"ls-cta__image\"><img decoding=\"async\" src=\"https:\/\/camping-la-vallee-des-vignes.com\/wp-content\/uploads\/2024\/04\/coupe-vin-rouge.webp\" alt=\"coupe vin rouge\"><\/div>\n\t<div class=\"ls-cta__title\">\n\t\t<span>Restaurants und Weing\u00fcter<\/span> <i class=\"vignes-fleche\"><\/i>\n\t<\/div>\n\n\t<\/a><\/div><\/div><\/div><\/div>\n\r\n    <\/div>\r\n<\/section>","protected":false},"excerpt":{"rendered":"","protected":false},"author":4,"featured_media":1754,"parent":0,"menu_order":0,"comment_status":"closed","ping_status":"closed","template":"","meta":{"_acf_changed":false,"inline_featured_image":false,"footnotes":""},"sujet":[],"class_list":["post-1752","page","type-page","status-publish","has-post-thumbnail","hentry"],"acf":[],"yoast_head":"<!-- This site is optimized with the Yoast SEO plugin v25.3 - https:\/\/yoast.com\/wordpress\/plugins\/seo\/ -->\n<title>Drei au\u00dfergew\u00f6hnliche Parks, die es in der N\u00e4he des Campingplatzes zu entdecken gilt<\/title>\n<meta name=\"description\" content=\"Ihr Aufenthalt auf einem Campingplatz in der N\u00e4he von Saumur bietet Ihnen die Chance, das Futuroscope, Puy-du-Fou und den Bioparc von Dou\u00e9-la-Fontaine zu entdecken!\" \/>\n<meta name=\"robots\" content=\"index, follow, max-snippet:-1, max-image-preview:large, max-video-preview:-1\" \/>\n<link rel=\"canonical\" href=\"https:\/\/camping-la-vallee-des-vignes.com\/de\/die-3-parks-rund-um-den-campingplatz\/\" \/>\n<meta property=\"og:locale\" content=\"de_DE\" \/>\n<meta property=\"og:type\" content=\"article\" \/>\n<meta property=\"og:title\" content=\"Drei au\u00dfergew\u00f6hnliche Parks, die es in der N\u00e4he des Campingplatzes zu entdecken gilt\" \/>\n<meta property=\"og:description\" content=\"Ihr Aufenthalt auf einem Campingplatz in der N\u00e4he von Saumur bietet Ihnen die Chance, das Futuroscope, Puy-du-Fou und den Bioparc von Dou\u00e9-la-Fontaine zu entdecken!\" \/>\n<meta property=\"og:url\" content=\"https:\/\/camping-la-vallee-des-vignes.com\/de\/die-3-parks-rund-um-den-campingplatz\/\" \/>\n<meta property=\"og:site_name\" content=\"Camping La Vall\u00e9e des Vignes\" \/>\n<meta property=\"article:modified_time\" content=\"2024-07-17T07:41:52+00:00\" \/>\n<meta property=\"og:image\" content=\"https:\/\/camping-la-vallee-des-vignes.com\/wp-content\/uploads\/2024\/04\/Camping-La-vallee-des-Vignes-Futuroscope.webp\" \/>\n\t<meta property=\"og:image:width\" content=\"1920\" \/>\n\t<meta property=\"og:image:height\" content=\"1280\" \/>\n\t<meta property=\"og:image:type\" content=\"image\/webp\" \/>\n<meta name=\"twitter:card\" content=\"summary_large_image\" \/>\n<meta name=\"twitter:label1\" content=\"Gesch\u00e4tzte Lesezeit\" \/>\n\t<meta name=\"twitter:data1\" content=\"2\u00a0Minuten\" \/>\n<script type=\"application\/ld+json\" class=\"yoast-schema-graph\">{\"@context\":\"https:\/\/schema.org\",\"@graph\":[{\"@type\":\"WebPage\",\"@id\":\"https:\/\/camping-la-vallee-des-vignes.com\/de\/die-3-parks-rund-um-den-campingplatz\/\",\"url\":\"https:\/\/camping-la-vallee-des-vignes.com\/de\/die-3-parks-rund-um-den-campingplatz\/\",\"name\":\"Drei au\u00dfergew\u00f6hnliche Parks, die es in der N\u00e4he des Campingplatzes zu entdecken gilt\",\"isPartOf\":{\"@id\":\"https:\/\/camping-la-vallee-des-vignes.com\/#website\"},\"primaryImageOfPage\":{\"@id\":\"https:\/\/camping-la-vallee-des-vignes.com\/de\/die-3-parks-rund-um-den-campingplatz\/#primaryimage\"},\"image\":{\"@id\":\"https:\/\/camping-la-vallee-des-vignes.com\/de\/die-3-parks-rund-um-den-campingplatz\/#primaryimage\"},\"thumbnailUrl\":\"https:\/\/camping-la-vallee-des-vignes.com\/wp-content\/uploads\/2024\/04\/Camping-La-vallee-des-Vignes-Futuroscope.webp\",\"datePublished\":\"2024-03-26T14:11:53+00:00\",\"dateModified\":\"2024-07-17T07:41:52+00:00\",\"description\":\"Ihr Aufenthalt auf einem Campingplatz in der N\u00e4he von Saumur bietet Ihnen die Chance, das Futuroscope, Puy-du-Fou und den Bioparc von Dou\u00e9-la-Fontaine zu entdecken!\",\"breadcrumb\":{\"@id\":\"https:\/\/camping-la-vallee-des-vignes.com\/de\/die-3-parks-rund-um-den-campingplatz\/#breadcrumb\"},\"inLanguage\":\"de\",\"potentialAction\":[{\"@type\":\"ReadAction\",\"target\":[\"https:\/\/camping-la-vallee-des-vignes.com\/de\/die-3-parks-rund-um-den-campingplatz\/\"]}]},{\"@type\":\"ImageObject\",\"inLanguage\":\"de\",\"@id\":\"https:\/\/camping-la-vallee-des-vignes.com\/de\/die-3-parks-rund-um-den-campingplatz\/#primaryimage\",\"url\":\"https:\/\/camping-la-vallee-des-vignes.com\/wp-content\/uploads\/2024\/04\/Camping-La-vallee-des-Vignes-Futuroscope.webp\",\"contentUrl\":\"https:\/\/camping-la-vallee-des-vignes.com\/wp-content\/uploads\/2024\/04\/Camping-La-vallee-des-Vignes-Futuroscope.webp\",\"width\":1920,\"height\":1280,\"caption\":\"Camping La vallee des Vignes Futuroscope\"},{\"@type\":\"BreadcrumbList\",\"@id\":\"https:\/\/camping-la-vallee-des-vignes.com\/de\/die-3-parks-rund-um-den-campingplatz\/#breadcrumb\",\"itemListElement\":[{\"@type\":\"ListItem\",\"position\":1,\"name\":\"Camping Maine-et-Loire\",\"item\":\"https:\/\/camping-la-vallee-des-vignes.com\/de\/\"},{\"@type\":\"ListItem\",\"position\":2,\"name\":\"Parks im Departement Maine-et-Loire\"}]},{\"@type\":\"WebSite\",\"@id\":\"https:\/\/camping-la-vallee-des-vignes.com\/#website\",\"url\":\"https:\/\/camping-la-vallee-des-vignes.com\/\",\"name\":\"Camping La Vall\u00e9e des Vignes\",\"description\":\"\",\"publisher\":{\"@id\":\"https:\/\/camping-la-vallee-des-vignes.com\/#organization\"},\"potentialAction\":[{\"@type\":\"SearchAction\",\"target\":{\"@type\":\"EntryPoint\",\"urlTemplate\":\"https:\/\/camping-la-vallee-des-vignes.com\/?s={search_term_string}\"},\"query-input\":{\"@type\":\"PropertyValueSpecification\",\"valueRequired\":true,\"valueName\":\"search_term_string\"}}],\"inLanguage\":\"de\"},{\"@type\":\"Organization\",\"@id\":\"https:\/\/camping-la-vallee-des-vignes.com\/#organization\",\"name\":\"Camping La Vall\u00e9e des Vignes\",\"url\":\"https:\/\/camping-la-vallee-des-vignes.com\/\",\"logo\":{\"@type\":\"ImageObject\",\"inLanguage\":\"de\",\"@id\":\"https:\/\/camping-la-vallee-des-vignes.com\/#\/schema\/logo\/image\/\",\"url\":\"https:\/\/camping-la-vallee-des-vignes.com\/wp-content\/uploads\/2024\/03\/logo-camping-vallee-des-vignes.webp\",\"contentUrl\":\"https:\/\/camping-la-vallee-des-vignes.com\/wp-content\/uploads\/2024\/03\/logo-camping-vallee-des-vignes.webp\",\"width\":500,\"height\":500,\"caption\":\"Camping La Vall\u00e9e des Vignes\"},\"image\":{\"@id\":\"https:\/\/camping-la-vallee-des-vignes.com\/#\/schema\/logo\/image\/\"}}]}<\/script>\n<!-- \/ Yoast SEO plugin. -->","yoast_head_json":{"title":"Drei au\u00dfergew\u00f6hnliche Parks, die es in der N\u00e4he des Campingplatzes zu entdecken gilt","description":"Ihr Aufenthalt auf einem Campingplatz in der N\u00e4he von Saumur bietet Ihnen die Chance, das Futuroscope, Puy-du-Fou und den Bioparc von Dou\u00e9-la-Fontaine zu entdecken!","robots":{"index":"index","follow":"follow","max-snippet":"max-snippet:-1","max-image-preview":"max-image-preview:large","max-video-preview":"max-video-preview:-1"},"canonical":"https:\/\/camping-la-vallee-des-vignes.com\/de\/die-3-parks-rund-um-den-campingplatz\/","og_locale":"de_DE","og_type":"article","og_title":"Drei au\u00dfergew\u00f6hnliche Parks, die es in der N\u00e4he des Campingplatzes zu entdecken gilt","og_description":"Ihr Aufenthalt auf einem Campingplatz in der N\u00e4he von Saumur bietet Ihnen die Chance, das Futuroscope, Puy-du-Fou und den Bioparc von Dou\u00e9-la-Fontaine zu entdecken!","og_url":"https:\/\/camping-la-vallee-des-vignes.com\/de\/die-3-parks-rund-um-den-campingplatz\/","og_site_name":"Camping La Vall\u00e9e des Vignes","article_modified_time":"2024-07-17T07:41:52+00:00","og_image":[{"width":1920,"height":1280,"url":"https:\/\/camping-la-vallee-des-vignes.com\/wp-content\/uploads\/2024\/04\/Camping-La-vallee-des-Vignes-Futuroscope.webp","type":"image\/webp"}],"twitter_card":"summary_large_image","twitter_misc":{"Gesch\u00e4tzte Lesezeit":"2\u00a0Minuten"},"schema":{"@context":"https:\/\/schema.org","@graph":[{"@type":"WebPage","@id":"https:\/\/camping-la-vallee-des-vignes.com\/de\/die-3-parks-rund-um-den-campingplatz\/","url":"https:\/\/camping-la-vallee-des-vignes.com\/de\/die-3-parks-rund-um-den-campingplatz\/","name":"Drei au\u00dfergew\u00f6hnliche Parks, die es in der N\u00e4he des Campingplatzes zu entdecken gilt","isPartOf":{"@id":"https:\/\/camping-la-vallee-des-vignes.com\/#website"},"primaryImageOfPage":{"@id":"https:\/\/camping-la-vallee-des-vignes.com\/de\/die-3-parks-rund-um-den-campingplatz\/#primaryimage"},"image":{"@id":"https:\/\/camping-la-vallee-des-vignes.com\/de\/die-3-parks-rund-um-den-campingplatz\/#primaryimage"},"thumbnailUrl":"https:\/\/camping-la-vallee-des-vignes.com\/wp-content\/uploads\/2024\/04\/Camping-La-vallee-des-Vignes-Futuroscope.webp","datePublished":"2024-03-26T14:11:53+00:00","dateModified":"2024-07-17T07:41:52+00:00","description":"Ihr Aufenthalt auf einem Campingplatz in der N\u00e4he von Saumur bietet Ihnen die Chance, das Futuroscope, Puy-du-Fou und den Bioparc von Dou\u00e9-la-Fontaine zu entdecken!","breadcrumb":{"@id":"https:\/\/camping-la-vallee-des-vignes.com\/de\/die-3-parks-rund-um-den-campingplatz\/#breadcrumb"},"inLanguage":"de","potentialAction":[{"@type":"ReadAction","target":["https:\/\/camping-la-vallee-des-vignes.com\/de\/die-3-parks-rund-um-den-campingplatz\/"]}]},{"@type":"ImageObject","inLanguage":"de","@id":"https:\/\/camping-la-vallee-des-vignes.com\/de\/die-3-parks-rund-um-den-campingplatz\/#primaryimage","url":"https:\/\/camping-la-vallee-des-vignes.com\/wp-content\/uploads\/2024\/04\/Camping-La-vallee-des-Vignes-Futuroscope.webp","contentUrl":"https:\/\/camping-la-vallee-des-vignes.com\/wp-content\/uploads\/2024\/04\/Camping-La-vallee-des-Vignes-Futuroscope.webp","width":1920,"height":1280,"caption":"Camping La vallee des Vignes Futuroscope"},{"@type":"BreadcrumbList","@id":"https:\/\/camping-la-vallee-des-vignes.com\/de\/die-3-parks-rund-um-den-campingplatz\/#breadcrumb","itemListElement":[{"@type":"ListItem","position":1,"name":"Camping Maine-et-Loire","item":"https:\/\/camping-la-vallee-des-vignes.com\/de\/"},{"@type":"ListItem","position":2,"name":"Parks im Departement Maine-et-Loire"}]},{"@type":"WebSite","@id":"https:\/\/camping-la-vallee-des-vignes.com\/#website","url":"https:\/\/camping-la-vallee-des-vignes.com\/","name":"Camping La Vall\u00e9e des Vignes","description":"","publisher":{"@id":"https:\/\/camping-la-vallee-des-vignes.com\/#organization"},"potentialAction":[{"@type":"SearchAction","target":{"@type":"EntryPoint","urlTemplate":"https:\/\/camping-la-vallee-des-vignes.com\/?s={search_term_string}"},"query-input":{"@type":"PropertyValueSpecification","valueRequired":true,"valueName":"search_term_string"}}],"inLanguage":"de"},{"@type":"Organization","@id":"https:\/\/camping-la-vallee-des-vignes.com\/#organization","name":"Camping La Vall\u00e9e des Vignes","url":"https:\/\/camping-la-vallee-des-vignes.com\/","logo":{"@type":"ImageObject","inLanguage":"de","@id":"https:\/\/camping-la-vallee-des-vignes.com\/#\/schema\/logo\/image\/","url":"https:\/\/camping-la-vallee-des-vignes.com\/wp-content\/uploads\/2024\/03\/logo-camping-vallee-des-vignes.webp","contentUrl":"https:\/\/camping-la-vallee-des-vignes.com\/wp-content\/uploads\/2024\/03\/logo-camping-vallee-des-vignes.webp","width":500,"height":500,"caption":"Camping La Vall\u00e9e des Vignes"},"image":{"@id":"https:\/\/camping-la-vallee-des-vignes.com\/#\/schema\/logo\/image\/"}}]}},"_links":{"self":[{"href":"https:\/\/camping-la-vallee-des-vignes.com\/de\/wp-json\/wp\/v2\/pages\/1752","targetHints":{"allow":["GET"]}}],"collection":[{"href":"https:\/\/camping-la-vallee-des-vignes.com\/de\/wp-json\/wp\/v2\/pages"}],"about":[{"href":"https:\/\/camping-la-vallee-des-vignes.com\/de\/wp-json\/wp\/v2\/types\/page"}],"author":[{"embeddable":true,"href":"https:\/\/camping-la-vallee-des-vignes.com\/de\/wp-json\/wp\/v2\/users\/4"}],"replies":[{"embeddable":true,"href":"https:\/\/camping-la-vallee-des-vignes.com\/de\/wp-json\/wp\/v2\/comments?post=1752"}],"version-history":[{"count":2,"href":"https:\/\/camping-la-vallee-des-vignes.com\/de\/wp-json\/wp\/v2\/pages\/1752\/revisions"}],"predecessor-version":[{"id":2123,"href":"https:\/\/camping-la-vallee-des-vignes.com\/de\/wp-json\/wp\/v2\/pages\/1752\/revisions\/2123"}],"wp:featuredmedia":[{"embeddable":true,"href":"https:\/\/camping-la-vallee-des-vignes.com\/de\/wp-json\/wp\/v2\/media\/1754"}],"wp:attachment":[{"href":"https:\/\/camping-la-vallee-des-vignes.com\/de\/wp-json\/wp\/v2\/media?parent=1752"}],"wp:term":[{"taxonomy":"sujet","embeddable":true,"href":"https:\/\/camping-la-vallee-des-vignes.com\/de\/wp-json\/wp\/v2\/sujet?post=1752"}],"curies":[{"name":"wp","href":"https:\/\/api.w.org\/{rel}","templated":true}]}}