{"id":1763,"date":"2024-03-26T15:12:42","date_gmt":"2024-03-26T14:12:42","guid":{"rendered":"https:\/\/camping-la-vallee-des-vignes.com\/die-schloesser\/"},"modified":"2024-07-17T09:45:41","modified_gmt":"2024-07-17T07:45:41","slug":"die-schloesser","status":"publish","type":"page","link":"https:\/\/camping-la-vallee-des-vignes.com\/de\/die-schloesser\/","title":{"rendered":"Die Schl\u00f6sser"},"content":{"rendered":"<section id=\"ls-section-block_7e7701b2d109f4e28779028154b3d3af\" class=\"ls-section  page-intro has-m-b m-b-0 has-p-t p-t-0\" >\r\n        <div class=\"container \">\r\n        \n\n<h1 class=\"ls__heading wp-block-heading has-text-align-center\">Unumg\u00e4ngliche Schl\u00f6sser, die Sie in Maine-et-Loire besuchen sollten<\/h1>\n\n\r\n    <\/div>\r\n<\/section><section id=\"ls-section-block_167f67e956abb4a87f18e9e85e64a1ae\" class=\"ls-section  page-one has-m-t m-t-0 has-p-t p-t-0\" >\r\n        <div class=\"container container--wide\">\r\n        \n\n<div class=\"wp-block-columns is-layout-flex wp-container-core-columns-is-layout-9d6595d7 wp-block-columns-is-layout-flex\">\n<div class=\"wp-block-column is-vertically-aligned-center is-layout-flow wp-block-column-is-layout-flow\" style=\"flex-basis:33.33%\">\n<h2 class=\"ls__heading wp-block-heading\">Das <strong>Schloss von Saumur<\/strong><\/h2>\n\n\n\n<p class=\"ls-paragraph\">Das Schloss aus <strong>dem XIV\u1d49 <\/strong> Jahrhundert \u00fcberragt die Stadt Saumur und die Loire: ein echtes Muss bei Ihrem Aufenthalt auf dem <a href=\"https:\/\/camping-la-vallee-des-vignes.com\/de\/\">Campingplatz in der N\u00e4he von Saumur!<\/a> Das Schloss von Saumur wurde von der <strong>UNESCO zum Weltkulturerbe<\/strong> erkl\u00e4rt und bietet einen <a href=\"https:\/\/www.chateau-saumur.fr\/\" target=\"_blank\" rel=\"noreferrer noopener\">au\u00dfergew\u00f6hnlichen Ausblick<\/a> auf das Loiretal.<\/p>\n\n\n\n<p class=\"ls-paragraph\">Es ist ganzj\u00e4hrig ge\u00f6ffnet und bietet Ihnen die M\u00f6glichkeit, in die Vergangenheit der letzten Herz\u00f6ge von Anjou aus dem XV\u1d49 Jahrhundert einzutauchen. Es ist Teil des Netzwerks der Loire-Schl\u00f6sser und des Netzwerks Roi Ren\u00e9.<\/p>\n<\/div>\n\n\n\n<div class=\"wp-block-column is-layout-flow wp-block-column-is-layout-flow\" style=\"flex-basis:66.66%\">\n<figure class=\"wp-block-image size-full animated fadeIn delay-100ms slow\"><a href=\"https:\/\/camping-la-vallee-des-vignes.com\/wp-content\/uploads\/2024\/04\/chateau-Saumur.webp\"><img decoding=\"async\" width=\"1920\" height=\"1200\" src=\"https:\/\/camping-la-vallee-des-vignes.com\/wp-content\/uploads\/2024\/04\/chateau-Saumur.webp\" alt=\"Schloss Saumur\" class=\"wp-image-1140\" srcset=\"https:\/\/camping-la-vallee-des-vignes.com\/wp-content\/uploads\/2024\/04\/chateau-Saumur.webp 1920w, https:\/\/camping-la-vallee-des-vignes.com\/wp-content\/uploads\/2024\/04\/chateau-Saumur-300x188.webp 300w, https:\/\/camping-la-vallee-des-vignes.com\/wp-content\/uploads\/2024\/04\/chateau-Saumur-1024x640.webp 1024w, https:\/\/camping-la-vallee-des-vignes.com\/wp-content\/uploads\/2024\/04\/chateau-Saumur-768x480.webp 768w, https:\/\/camping-la-vallee-des-vignes.com\/wp-content\/uploads\/2024\/04\/chateau-Saumur-1536x960.webp 1536w\" sizes=\"(max-width: 1920px) 100vw, 1920px\" \/><\/a><\/figure>\n<\/div>\n<\/div>\n\n\r\n    <\/div>\r\n<\/section><section id=\"ls-section-block_ebc9f7fd40dab2f5a7a198da362249a6\" class=\"ls-section  home-two has-background-image has-background has-color-black-background-color has-m-b m-b-0 has-p-t p-t-30 has-p-b p-b-14\" >\r\n    <div class=\"ls-section__background-image opacity-80\"><img decoding=\"async\" src=\"https:\/\/camping-la-vallee-des-vignes.com\/wp-content\/uploads\/2024\/04\/chateau-Brissac.webp\" alt=\"chateau Brissac\"><\/div>    <div class=\"container container--wide\">\r\n        \n\n<div class=\"wp-block-columns is-layout-flex wp-container-core-columns-is-layout-9d6595d7 wp-block-columns-is-layout-flex\">\n<div class=\"wp-block-column is-vertically-aligned-bottom first is-layout-flow wp-block-column-is-layout-flow\" style=\"flex-basis:33.33%\">\n<h2 class=\"ls__heading wp-block-heading\">Besuch des <strong>Schlosses <br\/>de Brissac<\/strong><\/h2>\n\n\n\n<p class=\"ls-paragraph\">Das <a href=\"https:\/\/brissac.net\/\" target=\"_blank\" rel=\"noreferrer noopener\">Schloss Brissac<\/a> ist mit seinen 7 Stockwerken und 204 Zimmern das <strong>h\u00f6chste Schloss in Frankreich<\/strong>. Das Schloss ist seit \u00fcber 500 Jahren im Besitz der gleichen Familie. Der <strong>Landschaftspark <\/strong>ist wirklich einen Besuch wert.<\/p>\n\n\n\n<p class=\"ls-paragraph\">Urspr\u00fcnglich ein Sumpfgebiet, wurde es in einen eleganten Landschaftspark umgewandelt. Das Schloss pr\u00e4sentiert seine Gr\u00f6\u00dfe, die sich in der <strong>Wasserstelle <\/strong>widerspiegelt, an einem Ort mit <strong>gro\u00dfartigen Aussichten<\/strong> und in einer <strong>bukolischen Umgebung<\/strong>.<\/p>\n<\/div>\n\n\n\n<div class=\"wp-block-column is-vertically-aligned-bottom second is-layout-flow wp-block-column-is-layout-flow\" style=\"flex-basis:66.66%\">\n<div id=\"ls-heading ls-titre-div-block_13f8002cb2f647522fdc8d5ac0f045da\" class=\"ls-titre-div alignright h1-like\" >\n    Tauchen Sie ein <b>in das Mittelalter<\/b><\/div>\n<\/div>\n<\/div>\n\n\r\n    <\/div>\r\n<\/section><section id=\"ls-section-block_b74b18ad2bf6a0968672d1b2c1d2029f\" class=\"ls-section  home-one page has-p-t p-t-14 has-p-b p-b-0\" >\r\n        <div class=\"container container--wide\">\r\n        \n\n<div class=\"wp-block-columns are-vertically-aligned-center second is-layout-flex wp-container-core-columns-is-layout-9d6595d7 wp-block-columns-is-layout-flex\">\n<div class=\"wp-block-column is-vertically-aligned-center first is-layout-flow wp-block-column-is-layout-flow\" style=\"flex-basis:60%\">\n<figure class=\"wp-block-image size-full\"><a href=\"https:\/\/camping-la-vallee-des-vignes.com\/wp-content\/uploads\/2024\/06\/abbaye-royale-de-Fontevraud.webp\"><img decoding=\"async\" width=\"1200\" height=\"750\" src=\"https:\/\/camping-la-vallee-des-vignes.com\/wp-content\/uploads\/2024\/06\/abbaye-royale-de-Fontevraud.webp\" alt=\"K&#xF6;nigliche Abtei von Fontevraud\" class=\"wp-image-1431\" srcset=\"https:\/\/camping-la-vallee-des-vignes.com\/wp-content\/uploads\/2024\/06\/abbaye-royale-de-Fontevraud.webp 1200w, https:\/\/camping-la-vallee-des-vignes.com\/wp-content\/uploads\/2024\/06\/abbaye-royale-de-Fontevraud-300x188.webp 300w, https:\/\/camping-la-vallee-des-vignes.com\/wp-content\/uploads\/2024\/06\/abbaye-royale-de-Fontevraud-1024x640.webp 1024w, https:\/\/camping-la-vallee-des-vignes.com\/wp-content\/uploads\/2024\/06\/abbaye-royale-de-Fontevraud-768x480.webp 768w\" sizes=\"(max-width: 1200px) 100vw, 1200px\" \/><\/a><\/figure>\n<\/div>\n\n\n\n<div class=\"wp-block-column is-vertically-aligned-center second is-layout-flow wp-block-column-is-layout-flow\" style=\"flex-basis:40%\">\n<div class=\"wp-block-columns are-vertically-aligned-center texte is-layout-flex wp-container-core-columns-is-layout-9d6595d7 wp-block-columns-is-layout-flex\">\n<div class=\"wp-block-column is-vertically-aligned-center is-layout-flow wp-block-column-is-layout-flow\">\n<h2 class=\"ls__heading wp-block-heading\">Entdecken Sie die <strong>k\u00f6nigliche Abtei von Fontevraud<\/strong><\/h2>\n\n\n\n<p class=\"ls-paragraph\">Die <a href=\"https:\/\/www.fontevraud.fr\/\" target=\"_blank\" rel=\"noreferrer noopener\">k\u00f6nigliche Abtei von Fontevraud<\/a> wurde <strong>1101<\/strong> an der Grenze von Anjou, Touraine und Poitou gegr\u00fcndet. Eleonore von Aquitanien verbrachte hier ihre letzten Jahre, nachdem sie K\u00f6nigin von Frankreich und England gewesen war. Seine Statue steht im Herzen der Abtei neben den Statuen von Heinrich II Plantagenet und Richard L\u00f6wenherz.<\/p>\n\n\n\n<p class=\"ls-paragraph\">Die 13 Hektar gro\u00dfe Abtei von Fontevraud ist Teil des <strong>UNESCO-Weltkulturerbes<\/strong>.<\/p>\n<\/div>\n<\/div>\n<\/div>\n<\/div>\n\n\r\n    <\/div>\r\n<\/section><section id=\"ls-section-block_8539030446ec8f7a7584b850633a203f\" class=\"ls-section  page-one p-t-10 has-m-t m-t-0 has-p-t p-t-0\" >\r\n        <div class=\"container container--wide\">\r\n        \n\n<div class=\"wp-block-columns is-layout-flex wp-container-core-columns-is-layout-9d6595d7 wp-block-columns-is-layout-flex\">\n<div class=\"wp-block-column is-vertically-aligned-center is-layout-flow wp-block-column-is-layout-flow\" style=\"flex-basis:33.33%\">\n<h2 class=\"ls__heading wp-block-heading\">Das <strong>Schloss von Montreuil bellay<\/strong><\/h2>\n\n\n\n<p class=\"ls-paragraph\">Das <a href=\"https:\/\/chateau-montreuil-bellay.fr\/fr\" target=\"_blank\" rel=\"noreferrer noopener\">Schloss Montreuil Bellay<\/a> wurde im <strong>XI\u1d49 Jahrhundert <\/strong>vom Grafen von Anjou, Foulque Nerra, gegr\u00fcndet und befindet sich im Herzen der geschlossenen Stadt Montreuil-Bellay. Nach der Revolution wurde das Schloss von einem Weinh\u00e4ndler gekauft, der das heutige <strong>Weingut <\/strong>gr\u00fcndete. Ein doppelter Grund, dieses sch\u00f6ne Geb\u00e4ude zu besichtigen. Die Tour dauert etwa 1 Stunde und f\u00fchrt Sie durch die Geschichte des Ortes in den letzten 1000 Jahren. Die Besichtigung ist f\u00fcr alle zug\u00e4nglich, von 7 bis 77 Jahren!<\/p>\n\n\n\n<p class=\"ls-paragraph\">Die Schl\u00f6sser sind nicht der einzige Schatz des Kulturerbes in Maine-et-Loire! Nutzen Sie Ihren Aufenthalt, <strong>um einen unvergesslichen Tag<\/strong> in einem oder mehreren der Parks in der <a href=\"https:\/\/camping-la-vallee-des-vignes.com\/de\/die-3-parks-rund-um-den-campingplatz\/\">N\u00e4he des Campingplatzes zu verbringen<\/a>, die <a href=\"https:\/\/camping-la-vallee-des-vignes.com\/de\/zu-besuchen\/\">sch\u00f6nsten Sehensw\u00fcrdigkeiten im Departement Maine-et-Loire<\/a> zu entdecken oder die <a href=\"https:\/\/camping-la-vallee-des-vignes.com\/de\/restaurants-und-weingueter\/\">H\u00f6hlenrestaurants und Weing\u00fcter zu erkunden, die es in der N\u00e4he von Saumur<\/a> zu finden gilt!<\/p>\n<\/div>\n\n\n\n<div class=\"wp-block-column is-layout-flow wp-block-column-is-layout-flow\" style=\"flex-basis:66.66%\">\n<figure class=\"wp-block-image size-full\"><a href=\"https:\/\/camping-la-vallee-des-vignes.com\/wp-content\/uploads\/2024\/06\/Camping-La-Vallee-des-Vignes-Chateau-de-Montreuil-Bellay.webp\"><img decoding=\"async\" width=\"1280\" height=\"727\" src=\"https:\/\/camping-la-vallee-des-vignes.com\/wp-content\/uploads\/2024\/06\/Camping-La-Vallee-des-Vignes-Chateau-de-Montreuil-Bellay.webp\" alt=\"Campingplatz La Vallee des Vignes Chateau de Montreuil Bellay\" class=\"wp-image-1446\" srcset=\"https:\/\/camping-la-vallee-des-vignes.com\/wp-content\/uploads\/2024\/06\/Camping-La-Vallee-des-Vignes-Chateau-de-Montreuil-Bellay.webp 1280w, https:\/\/camping-la-vallee-des-vignes.com\/wp-content\/uploads\/2024\/06\/Camping-La-Vallee-des-Vignes-Chateau-de-Montreuil-Bellay-300x170.webp 300w, https:\/\/camping-la-vallee-des-vignes.com\/wp-content\/uploads\/2024\/06\/Camping-La-Vallee-des-Vignes-Chateau-de-Montreuil-Bellay-1024x582.webp 1024w, https:\/\/camping-la-vallee-des-vignes.com\/wp-content\/uploads\/2024\/06\/Camping-La-Vallee-des-Vignes-Chateau-de-Montreuil-Bellay-768x436.webp 768w\" sizes=\"(max-width: 1280px) 100vw, 1280px\" \/><\/a><\/figure>\n<\/div>\n<\/div>\n\n\r\n    <\/div>\r\n<\/section><section id=\"ls-section-block_3fb3c7bb4e689b4c51a491b366b27ab1\" class=\"ls-section  page-maillage has-background has-color-4-background-color has-m-b m-b-0 has-p-t p-t-14 has-p-b p-b-14\" >\r\n        <div class=\"container container--wide\">\r\n        \n\n<div id=\"ls-heading ls-titre-div-block_b12eeaf84de672796b0862c4ead08606\" class=\"ls-titre-div aligncenter h1-like\" >\n    Entdecken Sie die Umgebung des Campingplatzes<\/div>\n\n\n<div id=\"ls-maillage-block_7209e1c7794ad1034136942dcdd53fc0\" class=\"ls-maillage cta-style-normal\" data-rows=\"3\">\n    <div class=\"wp-block-columns\"><div class=\"wp-block-column\"><div class=\"ls-cta\">\n\n<a href=\"https:\/\/camping-la-vallee-des-vignes.com\/de\/entdecken-le-maine-et-loire\/\" target=\"\" rel=\"noopener\" class=\"ls-cta__link\" data-categ=\"\">\n\t<div class=\"ls-cta__image\"><img decoding=\"async\" src=\"https:\/\/camping-la-vallee-des-vignes.com\/wp-content\/uploads\/2024\/04\/Maine-et-Loire-Saumur-e1712069876952.webp\" alt=\"Entdecken Sie das Departement Maine-et-Loire\"><\/div>\n\t<div class=\"ls-cta__title\">\n\t\t<span>Entdecken Sie das Departement Maine-et-Loire<\/span> <i class=\"vignes-fleche\"><\/i>\n\t<\/div>\n\n\t<\/a><\/div><\/div><div class=\"wp-block-column\"><div class=\"ls-cta\">\n\n<a href=\"https:\/\/camping-la-vallee-des-vignes.com\/de\/die-3-parks-rund-um-den-campingplatz\/\" target=\"\" rel=\"noopener\" class=\"ls-cta__link\" data-categ=\"\">\n\t<div class=\"ls-cta__image\"><img decoding=\"async\" src=\"https:\/\/camping-la-vallee-des-vignes.com\/wp-content\/uploads\/2024\/04\/Camping-La-vallee-des-Vignes-Futuroscope.webp\" alt=\"Die 3 Parks rund um den Campingplatz\"><\/div>\n\t<div class=\"ls-cta__title\">\n\t\t<span>Die 3 Parks rund um den Campingplatz<\/span> <i class=\"vignes-fleche\"><\/i>\n\t<\/div>\n\n\t<\/a><\/div><\/div><div class=\"wp-block-column\"><div class=\"ls-cta\">\n\n<a href=\"https:\/\/camping-la-vallee-des-vignes.com\/de\/restaurants-und-weingueter\/\" target=\"\" rel=\"noopener\" class=\"ls-cta__link\" data-categ=\"\">\n\t<div class=\"ls-cta__image\"><img decoding=\"async\" src=\"https:\/\/camping-la-vallee-des-vignes.com\/wp-content\/uploads\/2024\/04\/coupe-vin-rouge.webp\" alt=\"coupe vin rouge\"><\/div>\n\t<div class=\"ls-cta__title\">\n\t\t<span>Restaurants und Weing\u00fcter<\/span> <i class=\"vignes-fleche\"><\/i>\n\t<\/div>\n\n\t<\/a><\/div><\/div><\/div><\/div>\n\r\n    <\/div>\r\n<\/section>","protected":false},"excerpt":{"rendered":"","protected":false},"author":4,"featured_media":1767,"parent":0,"menu_order":0,"comment_status":"closed","ping_status":"closed","template":"","meta":{"_acf_changed":false,"inline_featured_image":false,"footnotes":""},"sujet":[],"class_list":["post-1763","page","type-page","status-publish","has-post-thumbnail","hentry"],"acf":[],"yoast_head":"<!-- This site is optimized with the Yoast SEO plugin v25.3 - https:\/\/yoast.com\/wordpress\/plugins\/seo\/ -->\n<title>Besuchen Sie die Schl\u00f6sser von Maine-et-Loire<\/title>\n<meta name=\"description\" content=\"Erkunden Sie die unumg\u00e4nglichen Schl\u00f6sser von Maine-et-Loire und entdecken Sie ein au\u00dfergew\u00f6hnliches historisches Erbe w\u00e4hrend Ihres Aufenthalts auf einem Campingplatz in der N\u00e4he von Saumur.\" \/>\n<meta name=\"robots\" content=\"index, follow, max-snippet:-1, max-image-preview:large, max-video-preview:-1\" \/>\n<link rel=\"canonical\" href=\"https:\/\/camping-la-vallee-des-vignes.com\/de\/die-schloesser\/\" \/>\n<meta property=\"og:locale\" content=\"de_DE\" \/>\n<meta property=\"og:type\" content=\"article\" \/>\n<meta property=\"og:title\" content=\"Besuchen Sie die Schl\u00f6sser von Maine-et-Loire\" \/>\n<meta property=\"og:description\" content=\"Erkunden Sie die unumg\u00e4nglichen Schl\u00f6sser von Maine-et-Loire und entdecken Sie ein au\u00dfergew\u00f6hnliches historisches Erbe w\u00e4hrend Ihres Aufenthalts auf einem Campingplatz in der N\u00e4he von Saumur.\" \/>\n<meta property=\"og:url\" content=\"https:\/\/camping-la-vallee-des-vignes.com\/de\/die-schloesser\/\" \/>\n<meta property=\"og:site_name\" content=\"Camping La Vall\u00e9e des Vignes\" \/>\n<meta property=\"article:modified_time\" content=\"2024-07-17T07:45:41+00:00\" \/>\n<meta property=\"og:image\" content=\"https:\/\/camping-la-vallee-des-vignes.com\/wp-content\/uploads\/2024\/04\/chauteau-Saumur-sebastien-gaudard.webp\" \/>\n\t<meta property=\"og:image:width\" content=\"1599\" \/>\n\t<meta property=\"og:image:height\" content=\"900\" \/>\n\t<meta property=\"og:image:type\" content=\"image\/webp\" \/>\n<meta name=\"twitter:card\" content=\"summary_large_image\" \/>\n<meta name=\"twitter:label1\" content=\"Gesch\u00e4tzte Lesezeit\" \/>\n\t<meta name=\"twitter:data1\" content=\"2\u00a0Minuten\" \/>\n<script type=\"application\/ld+json\" class=\"yoast-schema-graph\">{\"@context\":\"https:\/\/schema.org\",\"@graph\":[{\"@type\":\"WebPage\",\"@id\":\"https:\/\/camping-la-vallee-des-vignes.com\/de\/die-schloesser\/\",\"url\":\"https:\/\/camping-la-vallee-des-vignes.com\/de\/die-schloesser\/\",\"name\":\"Besuchen Sie die Schl\u00f6sser von Maine-et-Loire\",\"isPartOf\":{\"@id\":\"https:\/\/camping-la-vallee-des-vignes.com\/#website\"},\"primaryImageOfPage\":{\"@id\":\"https:\/\/camping-la-vallee-des-vignes.com\/de\/die-schloesser\/#primaryimage\"},\"image\":{\"@id\":\"https:\/\/camping-la-vallee-des-vignes.com\/de\/die-schloesser\/#primaryimage\"},\"thumbnailUrl\":\"https:\/\/camping-la-vallee-des-vignes.com\/wp-content\/uploads\/2024\/04\/chauteau-Saumur-sebastien-gaudard.webp\",\"datePublished\":\"2024-03-26T14:12:42+00:00\",\"dateModified\":\"2024-07-17T07:45:41+00:00\",\"description\":\"Erkunden Sie die unumg\u00e4nglichen Schl\u00f6sser von Maine-et-Loire und entdecken Sie ein au\u00dfergew\u00f6hnliches historisches Erbe w\u00e4hrend Ihres Aufenthalts auf einem Campingplatz in der N\u00e4he von Saumur.\",\"breadcrumb\":{\"@id\":\"https:\/\/camping-la-vallee-des-vignes.com\/de\/die-schloesser\/#breadcrumb\"},\"inLanguage\":\"de\",\"potentialAction\":[{\"@type\":\"ReadAction\",\"target\":[\"https:\/\/camping-la-vallee-des-vignes.com\/de\/die-schloesser\/\"]}]},{\"@type\":\"ImageObject\",\"inLanguage\":\"de\",\"@id\":\"https:\/\/camping-la-vallee-des-vignes.com\/de\/die-schloesser\/#primaryimage\",\"url\":\"https:\/\/camping-la-vallee-des-vignes.com\/wp-content\/uploads\/2024\/04\/chauteau-Saumur-sebastien-gaudard.webp\",\"contentUrl\":\"https:\/\/camping-la-vallee-des-vignes.com\/wp-content\/uploads\/2024\/04\/chauteau-Saumur-sebastien-gaudard.webp\",\"width\":1599,\"height\":900,\"caption\":\"chauteau Saumur sebastien gaudard\"},{\"@type\":\"BreadcrumbList\",\"@id\":\"https:\/\/camping-la-vallee-des-vignes.com\/de\/die-schloesser\/#breadcrumb\",\"itemListElement\":[{\"@type\":\"ListItem\",\"position\":1,\"name\":\"Camping Maine-et-Loire\",\"item\":\"https:\/\/camping-la-vallee-des-vignes.com\/de\/\"},{\"@type\":\"ListItem\",\"position\":2,\"name\":\"Schl\u00f6sser in Maine-et-Loire\"}]},{\"@type\":\"WebSite\",\"@id\":\"https:\/\/camping-la-vallee-des-vignes.com\/#website\",\"url\":\"https:\/\/camping-la-vallee-des-vignes.com\/\",\"name\":\"Camping La Vall\u00e9e des Vignes\",\"description\":\"\",\"publisher\":{\"@id\":\"https:\/\/camping-la-vallee-des-vignes.com\/#organization\"},\"potentialAction\":[{\"@type\":\"SearchAction\",\"target\":{\"@type\":\"EntryPoint\",\"urlTemplate\":\"https:\/\/camping-la-vallee-des-vignes.com\/?s={search_term_string}\"},\"query-input\":{\"@type\":\"PropertyValueSpecification\",\"valueRequired\":true,\"valueName\":\"search_term_string\"}}],\"inLanguage\":\"de\"},{\"@type\":\"Organization\",\"@id\":\"https:\/\/camping-la-vallee-des-vignes.com\/#organization\",\"name\":\"Camping La Vall\u00e9e des Vignes\",\"url\":\"https:\/\/camping-la-vallee-des-vignes.com\/\",\"logo\":{\"@type\":\"ImageObject\",\"inLanguage\":\"de\",\"@id\":\"https:\/\/camping-la-vallee-des-vignes.com\/#\/schema\/logo\/image\/\",\"url\":\"https:\/\/camping-la-vallee-des-vignes.com\/wp-content\/uploads\/2024\/03\/logo-camping-vallee-des-vignes.webp\",\"contentUrl\":\"https:\/\/camping-la-vallee-des-vignes.com\/wp-content\/uploads\/2024\/03\/logo-camping-vallee-des-vignes.webp\",\"width\":500,\"height\":500,\"caption\":\"Camping La Vall\u00e9e des Vignes\"},\"image\":{\"@id\":\"https:\/\/camping-la-vallee-des-vignes.com\/#\/schema\/logo\/image\/\"}}]}<\/script>\n<!-- \/ Yoast SEO plugin. -->","yoast_head_json":{"title":"Besuchen Sie die Schl\u00f6sser von Maine-et-Loire","description":"Erkunden Sie die unumg\u00e4nglichen Schl\u00f6sser von Maine-et-Loire und entdecken Sie ein au\u00dfergew\u00f6hnliches historisches Erbe w\u00e4hrend Ihres Aufenthalts auf einem Campingplatz in der N\u00e4he von Saumur.","robots":{"index":"index","follow":"follow","max-snippet":"max-snippet:-1","max-image-preview":"max-image-preview:large","max-video-preview":"max-video-preview:-1"},"canonical":"https:\/\/camping-la-vallee-des-vignes.com\/de\/die-schloesser\/","og_locale":"de_DE","og_type":"article","og_title":"Besuchen Sie die Schl\u00f6sser von Maine-et-Loire","og_description":"Erkunden Sie die unumg\u00e4nglichen Schl\u00f6sser von Maine-et-Loire und entdecken Sie ein au\u00dfergew\u00f6hnliches historisches Erbe w\u00e4hrend Ihres Aufenthalts auf einem Campingplatz in der N\u00e4he von Saumur.","og_url":"https:\/\/camping-la-vallee-des-vignes.com\/de\/die-schloesser\/","og_site_name":"Camping La Vall\u00e9e des Vignes","article_modified_time":"2024-07-17T07:45:41+00:00","og_image":[{"width":1599,"height":900,"url":"https:\/\/camping-la-vallee-des-vignes.com\/wp-content\/uploads\/2024\/04\/chauteau-Saumur-sebastien-gaudard.webp","type":"image\/webp"}],"twitter_card":"summary_large_image","twitter_misc":{"Gesch\u00e4tzte Lesezeit":"2\u00a0Minuten"},"schema":{"@context":"https:\/\/schema.org","@graph":[{"@type":"WebPage","@id":"https:\/\/camping-la-vallee-des-vignes.com\/de\/die-schloesser\/","url":"https:\/\/camping-la-vallee-des-vignes.com\/de\/die-schloesser\/","name":"Besuchen Sie die Schl\u00f6sser von Maine-et-Loire","isPartOf":{"@id":"https:\/\/camping-la-vallee-des-vignes.com\/#website"},"primaryImageOfPage":{"@id":"https:\/\/camping-la-vallee-des-vignes.com\/de\/die-schloesser\/#primaryimage"},"image":{"@id":"https:\/\/camping-la-vallee-des-vignes.com\/de\/die-schloesser\/#primaryimage"},"thumbnailUrl":"https:\/\/camping-la-vallee-des-vignes.com\/wp-content\/uploads\/2024\/04\/chauteau-Saumur-sebastien-gaudard.webp","datePublished":"2024-03-26T14:12:42+00:00","dateModified":"2024-07-17T07:45:41+00:00","description":"Erkunden Sie die unumg\u00e4nglichen Schl\u00f6sser von Maine-et-Loire und entdecken Sie ein au\u00dfergew\u00f6hnliches historisches Erbe w\u00e4hrend Ihres Aufenthalts auf einem Campingplatz in der N\u00e4he von Saumur.","breadcrumb":{"@id":"https:\/\/camping-la-vallee-des-vignes.com\/de\/die-schloesser\/#breadcrumb"},"inLanguage":"de","potentialAction":[{"@type":"ReadAction","target":["https:\/\/camping-la-vallee-des-vignes.com\/de\/die-schloesser\/"]}]},{"@type":"ImageObject","inLanguage":"de","@id":"https:\/\/camping-la-vallee-des-vignes.com\/de\/die-schloesser\/#primaryimage","url":"https:\/\/camping-la-vallee-des-vignes.com\/wp-content\/uploads\/2024\/04\/chauteau-Saumur-sebastien-gaudard.webp","contentUrl":"https:\/\/camping-la-vallee-des-vignes.com\/wp-content\/uploads\/2024\/04\/chauteau-Saumur-sebastien-gaudard.webp","width":1599,"height":900,"caption":"chauteau Saumur sebastien gaudard"},{"@type":"BreadcrumbList","@id":"https:\/\/camping-la-vallee-des-vignes.com\/de\/die-schloesser\/#breadcrumb","itemListElement":[{"@type":"ListItem","position":1,"name":"Camping Maine-et-Loire","item":"https:\/\/camping-la-vallee-des-vignes.com\/de\/"},{"@type":"ListItem","position":2,"name":"Schl\u00f6sser in Maine-et-Loire"}]},{"@type":"WebSite","@id":"https:\/\/camping-la-vallee-des-vignes.com\/#website","url":"https:\/\/camping-la-vallee-des-vignes.com\/","name":"Camping La Vall\u00e9e des Vignes","description":"","publisher":{"@id":"https:\/\/camping-la-vallee-des-vignes.com\/#organization"},"potentialAction":[{"@type":"SearchAction","target":{"@type":"EntryPoint","urlTemplate":"https:\/\/camping-la-vallee-des-vignes.com\/?s={search_term_string}"},"query-input":{"@type":"PropertyValueSpecification","valueRequired":true,"valueName":"search_term_string"}}],"inLanguage":"de"},{"@type":"Organization","@id":"https:\/\/camping-la-vallee-des-vignes.com\/#organization","name":"Camping La Vall\u00e9e des Vignes","url":"https:\/\/camping-la-vallee-des-vignes.com\/","logo":{"@type":"ImageObject","inLanguage":"de","@id":"https:\/\/camping-la-vallee-des-vignes.com\/#\/schema\/logo\/image\/","url":"https:\/\/camping-la-vallee-des-vignes.com\/wp-content\/uploads\/2024\/03\/logo-camping-vallee-des-vignes.webp","contentUrl":"https:\/\/camping-la-vallee-des-vignes.com\/wp-content\/uploads\/2024\/03\/logo-camping-vallee-des-vignes.webp","width":500,"height":500,"caption":"Camping La Vall\u00e9e des Vignes"},"image":{"@id":"https:\/\/camping-la-vallee-des-vignes.com\/#\/schema\/logo\/image\/"}}]}},"_links":{"self":[{"href":"https:\/\/camping-la-vallee-des-vignes.com\/de\/wp-json\/wp\/v2\/pages\/1763","targetHints":{"allow":["GET"]}}],"collection":[{"href":"https:\/\/camping-la-vallee-des-vignes.com\/de\/wp-json\/wp\/v2\/pages"}],"about":[{"href":"https:\/\/camping-la-vallee-des-vignes.com\/de\/wp-json\/wp\/v2\/types\/page"}],"author":[{"embeddable":true,"href":"https:\/\/camping-la-vallee-des-vignes.com\/de\/wp-json\/wp\/v2\/users\/4"}],"replies":[{"embeddable":true,"href":"https:\/\/camping-la-vallee-des-vignes.com\/de\/wp-json\/wp\/v2\/comments?post=1763"}],"version-history":[{"count":4,"href":"https:\/\/camping-la-vallee-des-vignes.com\/de\/wp-json\/wp\/v2\/pages\/1763\/revisions"}],"predecessor-version":[{"id":2127,"href":"https:\/\/camping-la-vallee-des-vignes.com\/de\/wp-json\/wp\/v2\/pages\/1763\/revisions\/2127"}],"wp:featuredmedia":[{"embeddable":true,"href":"https:\/\/camping-la-vallee-des-vignes.com\/de\/wp-json\/wp\/v2\/media\/1767"}],"wp:attachment":[{"href":"https:\/\/camping-la-vallee-des-vignes.com\/de\/wp-json\/wp\/v2\/media?parent=1763"}],"wp:term":[{"taxonomy":"sujet","embeddable":true,"href":"https:\/\/camping-la-vallee-des-vignes.com\/de\/wp-json\/wp\/v2\/sujet?post=1763"}],"curies":[{"name":"wp","href":"https:\/\/api.w.org\/{rel}","templated":true}]}}