{"id":1799,"date":"2024-03-08T15:45:58","date_gmt":"2024-03-08T14:45:58","guid":{"rendered":"https:\/\/camping-la-vallee-des-vignes.com\/preise\/"},"modified":"2025-01-04T17:46:31","modified_gmt":"2025-01-04T16:46:31","slug":"preise","status":"publish","type":"page","link":"https:\/\/camping-la-vallee-des-vignes.com\/de\/preise\/","title":{"rendered":"Preise"},"content":{"rendered":"<section id=\"ls-section-block_d0a48b0ccdb4bb1ee1e0bb57ca830e7a\" class=\"ls-section  page-intro p-b-0 has-m-b m-b-0 has-p-t p-t-0\" >\r\n        <div class=\"container \">\r\n        \n\n<h1 class=\"ls__heading wp-block-heading has-text-align-center\">Camping zum besten Preis im Departement Maine-et-Loire<\/h1>\n\n\n\n<ctv-availability data-product-type=\"accommodation\" data-background-color=\"#FFFFFFFF\"><\/ctv-availability>\n\n\r\n    <\/div>\r\n<\/section>\n\n<section id=\"ls-section-block_403a5829e3538858767bbdc353134fbd\" class=\"ls-section  page-one has-m-t m-t-0 has-p-t p-t-0\" >\r\n        <div class=\"container container--wide\">\r\n        \n\n<div class=\"wp-block-columns is-layout-flex wp-container-core-columns-is-layout-9d6595d7 wp-block-columns-is-layout-flex\">\n<div class=\"wp-block-column is-vertically-aligned-center is-layout-flow wp-block-column-is-layout-flow\" style=\"flex-basis:33.33%\">\n<h2 class=\"ls__heading wp-block-heading\"><strong>Campingplatz mit dem besten Preis-Leistungs-Verh\u00e4ltnis<\/strong> in der N\u00e4he von Saumur<\/h2>\n\n\n\n<p class=\"ls-paragraph\">Besuchen Sie uns auf dem <a href=\"https:\/\/camping-la-vallee-des-vignes.com\/de\/\">Campingplatz La Vall\u00e9e des Vignes**** im Departement Maine-et-Loire<\/a>.  <\/p>\n\n\n\n<p class=\"ls-paragraph\">Hier finden Sie <a href=\"https:\/\/camping-la-vallee-des-vignes.com\/de\/vermietung-standort-doue-en-anjou\/\">105 ger\u00e4umige Stellpl\u00e4tze<\/a> sowie <a href=\"https:\/\/camping-la-vallee-des-vignes.com\/de\/vermietung-unterkunft-doue-en-anjou\/\">Mobilheime und ungew\u00f6hnliche Unterk\u00fcnfte, die Sie in der N\u00e4he von Saumur<\/a> zu einem <strong>guten Preis-Leistungs-Verh\u00e4ltnis<\/strong> mieten k\u00f6nnen.  <\/p>\n\n\n\n<p class=\"ls-paragraph\">In der Hochsaison k\u00f6nnen Sie abends die Animationen auf der Terrasse der Bar\/Restaurant genie\u00dfen. Tags\u00fcber k\u00fcmmert sich Nolwenn, unsere Kinderbetreuerin, um Ihre Kleinen und Cl\u00e9ment k\u00fcmmert sich um die Gr\u00f6\u00dferen, indem er ihnen viele Sportturniere organisiert.  <\/p>\n\n\n\n<p class=\"ls-paragraph\">Es gibt auch eine Vielzahl von Aktivit\u00e4ten f\u00fcr Kinder, Jung und Alt, wie z.B. eine Seilbahn, H\u00fcpfburgen und Sportpl\u00e4tze, sowie einen Bouleplatz und ein <strong>beheiztes Schwimmbad<\/strong>, das t\u00e4glich von 10 bis 20 Uhr ge\u00f6ffnet ist.  <\/p>\n\n\n\n<p class=\"ls-paragraph\"><strong>Alle diese Dienstleistungen sind nat\u00fcrlich Teil des Angebots unseres g\u00fcnstigen Campingplatzes<\/strong>: Die Animationen sind in den Preisen inbegriffen, die Garantie f\u00fcr ein ausgezeichnetes Preis-Leistungs-Verh\u00e4ltnis auf Anfrage.<\/p>\n<\/div>\n\n\n\n<div class=\"wp-block-column is-layout-flow wp-block-column-is-layout-flow\" style=\"flex-basis:66.66%\">\n<figure class=\"wp-block-gallery has-nested-images columns-default is-cropped wp-block-gallery-slider left animated fadeInRight delay-100ms slow wp-block-gallery-1 is-layout-flex wp-block-gallery-is-layout-flex\">\n<figure class=\"wp-block-image size-large\"><img decoding=\"async\" width=\"1024\" height=\"768\" data-id=\"1378\" src=\"https:\/\/camping-la-vallee-des-vignes.com\/wp-content\/uploads\/2024\/06\/Camping-La-Vallee-des-Vignes-MH-Prestige-1024x768.webp\" alt=\"Campingplatz La Vall\u00e9e des Vignes MH Prestige\" class=\"wp-image-1378\" srcset=\"https:\/\/camping-la-vallee-des-vignes.com\/wp-content\/uploads\/2024\/06\/Camping-La-Vallee-des-Vignes-MH-Prestige-1024x768.webp 1024w, https:\/\/camping-la-vallee-des-vignes.com\/wp-content\/uploads\/2024\/06\/Camping-La-Vallee-des-Vignes-MH-Prestige-300x225.webp 300w, https:\/\/camping-la-vallee-des-vignes.com\/wp-content\/uploads\/2024\/06\/Camping-La-Vallee-des-Vignes-MH-Prestige-768x576.webp 768w, https:\/\/camping-la-vallee-des-vignes.com\/wp-content\/uploads\/2024\/06\/Camping-La-Vallee-des-Vignes-MH-Prestige-1536x1152.webp 1536w, https:\/\/camping-la-vallee-des-vignes.com\/wp-content\/uploads\/2024\/06\/Camping-La-Vallee-des-Vignes-MH-Prestige.webp 1920w\" sizes=\"(max-width: 1024px) 100vw, 1024px\" \/><\/figure>\n\n\n\n<figure class=\"wp-block-image size-large\"><img decoding=\"async\" width=\"1024\" height=\"768\" data-id=\"1543\" src=\"https:\/\/camping-la-vallee-des-vignes.com\/wp-content\/uploads\/2024\/06\/Camping-La-Vallee-des-Vignes-tente-lodge-premium-1024x768.webp\" alt=\"Campingplatz La Vallee des Vignes Zelt Lodge Premium\" class=\"wp-image-1543\" srcset=\"https:\/\/camping-la-vallee-des-vignes.com\/wp-content\/uploads\/2024\/06\/Camping-La-Vallee-des-Vignes-tente-lodge-premium-1024x768.webp 1024w, https:\/\/camping-la-vallee-des-vignes.com\/wp-content\/uploads\/2024\/06\/Camping-La-Vallee-des-Vignes-tente-lodge-premium-300x225.webp 300w, https:\/\/camping-la-vallee-des-vignes.com\/wp-content\/uploads\/2024\/06\/Camping-La-Vallee-des-Vignes-tente-lodge-premium-768x576.webp 768w, https:\/\/camping-la-vallee-des-vignes.com\/wp-content\/uploads\/2024\/06\/Camping-La-Vallee-des-Vignes-tente-lodge-premium-1536x1152.webp 1536w, https:\/\/camping-la-vallee-des-vignes.com\/wp-content\/uploads\/2024\/06\/Camping-La-Vallee-des-Vignes-tente-lodge-premium.webp 1920w\" sizes=\"(max-width: 1024px) 100vw, 1024px\" \/><\/figure>\n\n\n\n<figure class=\"wp-block-image size-large\"><img decoding=\"async\" width=\"1024\" height=\"768\" data-id=\"1545\" src=\"https:\/\/camping-la-vallee-des-vignes.com\/wp-content\/uploads\/2024\/06\/Camping-La-Vallee-des-Vignes-MH-Confort-3-chambres-1024x768.webp\" alt=\"Campingplatz La Vallee des Vignes MH Confort 3 Zimmer\" class=\"wp-image-1545\" srcset=\"https:\/\/camping-la-vallee-des-vignes.com\/wp-content\/uploads\/2024\/06\/Camping-La-Vallee-des-Vignes-MH-Confort-3-chambres-1024x768.webp 1024w, https:\/\/camping-la-vallee-des-vignes.com\/wp-content\/uploads\/2024\/06\/Camping-La-Vallee-des-Vignes-MH-Confort-3-chambres-300x225.webp 300w, https:\/\/camping-la-vallee-des-vignes.com\/wp-content\/uploads\/2024\/06\/Camping-La-Vallee-des-Vignes-MH-Confort-3-chambres-768x576.webp 768w, https:\/\/camping-la-vallee-des-vignes.com\/wp-content\/uploads\/2024\/06\/Camping-La-Vallee-des-Vignes-MH-Confort-3-chambres-1536x1152.webp 1536w, https:\/\/camping-la-vallee-des-vignes.com\/wp-content\/uploads\/2024\/06\/Camping-La-Vallee-des-Vignes-MH-Confort-3-chambres.webp 1920w\" sizes=\"(max-width: 1024px) 100vw, 1024px\" \/><\/figure>\n<\/figure>\n<\/div>\n<\/div>\n\n\r\n    <\/div>\r\n<\/section>\n\n<section id=\"ls-section-block_cc77c2c9ed2592c45eb440d070dc2672\" class=\"ls-section  home-two has-background-image has-background has-color-black-background-color has-m-b m-b-0 has-p-t p-t-30 has-p-b p-b-14\" >\r\n    <div class=\"ls-section__background-image opacity-80\"><img decoding=\"async\" src=\"https:\/\/camping-la-vallee-des-vignes.com\/wp-content\/uploads\/2024\/04\/vacances-memorables-famille.webp\" alt=\"vacances memorables famille\"><\/div>    <div class=\"container container--wide\">\r\n        \n\n<div class=\"wp-block-columns is-layout-flex wp-container-core-columns-is-layout-9d6595d7 wp-block-columns-is-layout-flex\">\n<div class=\"wp-block-column is-vertically-aligned-bottom first is-layout-flow wp-block-column-is-layout-flow\" style=\"flex-basis:33.33%\">\n<h2 class=\"ls__heading wp-block-heading\" style=\"font-size:1.5rem\"><strong>Die Angebote  <br>Werbeaktionen<\/strong> <br>von Ihrem Campingplatz <br>in Dou\u00e9-en-Anjou<\/h2>\n\n\n\n<p class=\"ls-paragraph\"><strong>Profitieren Sie von unseren aktuellen Angeboten f\u00fcr Aufenthalte zwischen dem 28.06.2025 und dem 31.08.2025!<\/strong><\/p>\n\n\n\n<p class=\"ls-paragraph\"><\/p>\n\n\n\n<ul class=\"ls-list ls-list-undefined wp-block-list\">\n<li>Urlaubsziel 2025!! 10 % Rabatt f\u00fcr alle im Juli und August 2025 gebuchten Aufenthalte vom 1. Januar 2025 bis 14. Februar 2025!<\/li>\n<\/ul>\n\n\n\n<p class=\"ls-paragraph\">Reservieren Sie!<\/p>\n<\/div>\n\n\n\n<div class=\"wp-block-column is-vertically-aligned-bottom second is-layout-flow wp-block-column-is-layout-flow\" style=\"flex-basis:66.66%\">\n<div id=\"ls-heading ls-titre-div-block_a2427eaaf518efdeda66184e2990885f\" class=\"ls-titre-div alignright h1-like\" >\n    Angebote <b>f\u00fcr einen unvergesslichen Urlaub<\/b><\/div>\n<\/div>\n<\/div>\n\n\r\n    <\/div>\r\n<\/section>\n\n<section id=\"promos\" class=\"ls-section  home-one page has-p-t p-t-14 has-p-b p-b-0\" >\r\n        <div class=\"container container--wide\">\r\n        \n\n<div class=\"wp-block-columns second is-layout-flex wp-container-core-columns-is-layout-9d6595d7 wp-block-columns-is-layout-flex\">\n<div class=\"wp-block-column first is-layout-flow wp-block-column-is-layout-flow\" style=\"flex-basis:60%\">\n<figure class=\"wp-block-gallery has-nested-images columns-default is-cropped wp-block-gallery-slider left animated fadeInLeft delay-100ms slow wp-block-gallery-2 is-layout-flex wp-block-gallery-is-layout-flex\">\n<figure class=\"wp-block-image size-full\"><img decoding=\"async\" width=\"1000\" height=\"750\" data-id=\"1098\" src=\"https:\/\/camping-la-vallee-des-vignes.com\/wp-content\/uploads\/2024\/04\/mobil-home-confort-2-chambres.webp\" alt=\"Mobilheim Komfort 2 Schlafzimmer\" class=\"wp-image-1098\" srcset=\"https:\/\/camping-la-vallee-des-vignes.com\/wp-content\/uploads\/2024\/04\/mobil-home-confort-2-chambres.webp 1000w, https:\/\/camping-la-vallee-des-vignes.com\/wp-content\/uploads\/2024\/04\/mobil-home-confort-2-chambres-300x225.webp 300w, https:\/\/camping-la-vallee-des-vignes.com\/wp-content\/uploads\/2024\/04\/mobil-home-confort-2-chambres-768x576.webp 768w\" sizes=\"(max-width: 1000px) 100vw, 1000px\" \/><\/figure>\n\n\n\n<figure class=\"wp-block-image size-full\"><img decoding=\"async\" width=\"1024\" height=\"768\" data-id=\"1096\" src=\"https:\/\/camping-la-vallee-des-vignes.com\/wp-content\/uploads\/2024\/04\/mobil-home-confort-2-chambres-cuisine.webp\" alt=\"Mobilheim Komfort 2 Schlafzimmer K\u00fcche\" class=\"wp-image-1096\" srcset=\"https:\/\/camping-la-vallee-des-vignes.com\/wp-content\/uploads\/2024\/04\/mobil-home-confort-2-chambres-cuisine.webp 1024w, https:\/\/camping-la-vallee-des-vignes.com\/wp-content\/uploads\/2024\/04\/mobil-home-confort-2-chambres-cuisine-300x225.webp 300w, https:\/\/camping-la-vallee-des-vignes.com\/wp-content\/uploads\/2024\/04\/mobil-home-confort-2-chambres-cuisine-768x576.webp 768w\" sizes=\"(max-width: 1024px) 100vw, 1024px\" \/><\/figure>\n<\/figure>\n<\/div>\n\n\n\n<div class=\"wp-block-column is-vertically-aligned-top second is-layout-flow wp-block-column-is-layout-flow\" style=\"flex-basis:40%\">\n<div class=\"wp-block-columns texte is-layout-flex wp-container-core-columns-is-layout-9d6595d7 wp-block-columns-is-layout-flex\">\n<div class=\"wp-block-column is-vertically-aligned-center is-layout-flow wp-block-column-is-layout-flow\">\n<h2 class=\"ls__heading wp-block-heading\"><strong>Buchen Sie Ihre Unterkunft<\/strong> direkt auf dem Campingplatz in der N\u00e4he von Saumur<\/h2>\n\n\n\n<p class=\"ls-paragraph\">Auf unserer Website haben <strong>Sie die M\u00f6glichkeit, Ihre Unterkunft ganz einfach<\/strong> <strong>online zu buchen<\/strong>. Schauen Sie sich um, vergleichen und w\u00e4hlen Sie in aller Ruhe Ihre Unterkunft und tr\u00e4umen Sie von Ihrem zuk\u00fcnftigen Urlaub auf dem Campingplatz La Vall\u00e9e des Vignes**** von zu Hause aus \u00fcber <strong>unsere Buchungsplattform<\/strong>.  <\/p>\n\n\n\n<p class=\"ls-paragraph\">Sie haben die M\u00f6glichkeit, die Optionen zu w\u00e4hlen, die Ihnen gefallen, und sie nach Belieben hinzuzuf\u00fcgen. Wir bieten den Verleih von <strong>Elektro<\/strong>&#8211; und <strong>herk\u00f6mmlichen Fahrr\u00e4dern an<\/strong>. Sie k\u00f6nnen auch Babysets und K\u00fchlschr\u00e4nke mieten. Nutzen Sie die Gelegenheit und fahren Sie mit leichtem Gep\u00e4ck in den Urlaub.<\/p>\n\n\n\n<p class=\"ls-paragraph\">Wenn Sie planen, in der Vor- oder Nachsaison in <strong>Gruppen<\/strong> zu kommen, ist dies durchaus m\u00f6glich. Wir werden unseren <strong>Speisesaal vermieten<\/strong>, um Sie willkommen hei\u00dfen zu k\u00f6nnen. Wir haben derzeit eine Kapazit\u00e4t von 40 Personen im Inneren und bis zu 80 mit der Terrasse.  <\/p>\n<\/div>\n<\/div>\n<\/div>\n<\/div>\n\n\r\n    <\/div>\r\n<\/section>\n\n<section id=\"ls-section-block_c4fd25ba62e57cc016c67aed836c4889\" class=\"ls-section  page-maillage has-background has-color-4-background-color has-m-b m-b-0 has-p-t p-t-14 has-p-b p-b-14\" >\r\n        <div class=\"container container--wide\">\r\n        \n\n<div id=\"ls-heading ls-titre-div-block_36e67b55efd0bed458982b5cb710094f\" class=\"ls-titre-div aligncenter h1-like\" >\n    Entdecken Sie unsere Dienstleistungen, unsere Standorte und unsere Preise<\/div>\n\n\n<div id=\"ls-maillage-block_abfc67e620899e2956576d3e7c0b2999\" class=\"ls-maillage cta-style-normal\" data-rows=\"3\">\n    <div class=\"wp-block-columns\"><div class=\"wp-block-column\"><div class=\"ls-cta\">\n\n<a href=\"https:\/\/camping-la-vallee-des-vignes.com\/de\/unsere-dienstleistungen\/\" target=\"\" rel=\"noopener\" class=\"ls-cta__link\" data-categ=\"\">\n\t<div class=\"ls-cta__image\"><img decoding=\"async\" src=\"https:\/\/camping-la-vallee-des-vignes.com\/wp-content\/uploads\/2024\/06\/Camping-La-Vallee-des-Vignes-Burger-Montagnard-1.webp\" alt=\"Camping La Vallee des Vignes Burger Montagnard\"><\/div>\n\t<div class=\"ls-cta__title\">\n\t\t<span>Unsere Dienstleistungen<\/span> <i class=\"vignes-fleche\"><\/i>\n\t<\/div>\n\n\t<\/a><\/div><\/div><div class=\"wp-block-column\"><div class=\"ls-cta\">\n\n<a href=\"https:\/\/camping-la-vallee-des-vignes.com\/de\/preise\/\" target=\"\" rel=\"noopener\" class=\"ls-cta__link\" data-categ=\"\">\n\t<div class=\"ls-cta__image\"><img decoding=\"async\" src=\"https:\/\/camping-la-vallee-des-vignes.com\/wp-content\/uploads\/2024\/04\/mobil-home-confort-salon-cuisine.webp\" alt=\"Mobilheim Komfort Wohnzimmer K\u00fcche\"><\/div>\n\t<div class=\"ls-cta__title\">\n\t\t<span>Unsere Preise<\/span> <i class=\"vignes-fleche\"><\/i>\n\t<\/div>\n\n\t<\/a><\/div><\/div><div class=\"wp-block-column\"><div class=\"ls-cta\">\n\n<a href=\"https:\/\/camping-la-vallee-des-vignes.com\/de\/vermietung-standort-doue-en-anjou\/\" target=\"\" rel=\"noopener\" class=\"ls-cta__link\" data-categ=\"\">\n\t<div class=\"ls-cta__image\"><img decoding=\"async\" src=\"https:\/\/camping-la-vallee-des-vignes.com\/wp-content\/uploads\/2024\/03\/Camping-La-Vallee-des-VIgnes-Emplacement-Premium.webp\" alt=\"Campingplatz La Vall\u00e9e des VIgnes Stellplatz Premium\"><\/div>\n\t<div class=\"ls-cta__title\">\n\t\t<span>Unsere Standorte<\/span> <i class=\"vignes-fleche\"><\/i>\n\t<\/div>\n\n\t<\/a><\/div><\/div><\/div><\/div>\n\r\n    <\/div>\r\n<\/section>","protected":false},"excerpt":{"rendered":"","protected":false},"author":4,"featured_media":2610,"parent":0,"menu_order":0,"comment_status":"closed","ping_status":"closed","template":"","meta":{"_acf_changed":false,"inline_featured_image":false,"footnotes":""},"sujet":[],"class_list":["post-1799","page","type-page","status-publish","has-post-thumbnail","hentry"],"acf":[],"yoast_head":"<!-- This site is optimized with the Yoast SEO plugin v25.3 - https:\/\/yoast.com\/wordpress\/plugins\/seo\/ -->\n<title>G\u00fcnstige Campingpl\u00e4tze in der N\u00e4he von Saumur, Maine-et-Loire<\/title>\n<meta name=\"description\" content=\"Profitieren Sie von Sonderangeboten und einem Aufenthalt zum besten Preis-Leistungs-Verh\u00e4ltnis auf einem Campingplatz in der N\u00e4he von Saumur, im Departement Maine-et-Loire.\" \/>\n<meta name=\"robots\" content=\"index, follow, max-snippet:-1, max-image-preview:large, max-video-preview:-1\" \/>\n<link rel=\"canonical\" href=\"https:\/\/camping-la-vallee-des-vignes.com\/de\/preise\/\" \/>\n<meta property=\"og:locale\" content=\"de_DE\" \/>\n<meta property=\"og:type\" content=\"article\" \/>\n<meta property=\"og:title\" content=\"G\u00fcnstige Campingpl\u00e4tze in der N\u00e4he von Saumur, Maine-et-Loire\" \/>\n<meta property=\"og:description\" content=\"Profitieren Sie von Sonderangeboten und einem Aufenthalt zum besten Preis-Leistungs-Verh\u00e4ltnis auf einem Campingplatz in der N\u00e4he von Saumur, im Departement Maine-et-Loire.\" \/>\n<meta property=\"og:url\" content=\"https:\/\/camping-la-vallee-des-vignes.com\/de\/preise\/\" \/>\n<meta property=\"og:site_name\" content=\"Camping La Vall\u00e9e des Vignes\" \/>\n<meta property=\"article:modified_time\" content=\"2025-01-04T16:46:31+00:00\" \/>\n<meta property=\"og:image\" content=\"https:\/\/camping-la-vallee-des-vignes.com\/wp-content\/uploads\/2024\/04\/nature-famille-e1712065830807.webp\" \/>\n\t<meta property=\"og:image:width\" content=\"1920\" \/>\n\t<meta property=\"og:image:height\" content=\"672\" \/>\n\t<meta property=\"og:image:type\" content=\"image\/webp\" \/>\n<meta name=\"twitter:card\" content=\"summary_large_image\" \/>\n<meta name=\"twitter:label1\" content=\"Gesch\u00e4tzte Lesezeit\" \/>\n\t<meta name=\"twitter:data1\" content=\"3\u00a0Minuten\" \/>\n<script type=\"application\/ld+json\" class=\"yoast-schema-graph\">{\"@context\":\"https:\/\/schema.org\",\"@graph\":[{\"@type\":\"WebPage\",\"@id\":\"https:\/\/camping-la-vallee-des-vignes.com\/de\/preise\/\",\"url\":\"https:\/\/camping-la-vallee-des-vignes.com\/de\/preise\/\",\"name\":\"G\u00fcnstige Campingpl\u00e4tze in der N\u00e4he von Saumur, Maine-et-Loire\",\"isPartOf\":{\"@id\":\"https:\/\/camping-la-vallee-des-vignes.com\/#website\"},\"primaryImageOfPage\":{\"@id\":\"https:\/\/camping-la-vallee-des-vignes.com\/de\/preise\/#primaryimage\"},\"image\":{\"@id\":\"https:\/\/camping-la-vallee-des-vignes.com\/de\/preise\/#primaryimage\"},\"thumbnailUrl\":\"https:\/\/camping-la-vallee-des-vignes.com\/wp-content\/uploads\/2026\/01\/Camping-La-Vallee-des-Vignes-Emplacements-Confort.jpg\",\"datePublished\":\"2024-03-08T14:45:58+00:00\",\"dateModified\":\"2025-01-04T16:46:31+00:00\",\"description\":\"Profitieren Sie von Sonderangeboten und einem Aufenthalt zum besten Preis-Leistungs-Verh\u00e4ltnis auf einem Campingplatz in der N\u00e4he von Saumur, im Departement Maine-et-Loire.\",\"breadcrumb\":{\"@id\":\"https:\/\/camping-la-vallee-des-vignes.com\/de\/preise\/#breadcrumb\"},\"inLanguage\":\"de\",\"potentialAction\":[{\"@type\":\"ReadAction\",\"target\":[\"https:\/\/camping-la-vallee-des-vignes.com\/de\/preise\/\"]}]},{\"@type\":\"ImageObject\",\"inLanguage\":\"de\",\"@id\":\"https:\/\/camping-la-vallee-des-vignes.com\/de\/preise\/#primaryimage\",\"url\":\"https:\/\/camping-la-vallee-des-vignes.com\/wp-content\/uploads\/2026\/01\/Camping-La-Vallee-des-Vignes-Emplacements-Confort.jpg\",\"contentUrl\":\"https:\/\/camping-la-vallee-des-vignes.com\/wp-content\/uploads\/2026\/01\/Camping-La-Vallee-des-Vignes-Emplacements-Confort.jpg\",\"width\":1920,\"height\":1080,\"caption\":\"Camping\"},{\"@type\":\"BreadcrumbList\",\"@id\":\"https:\/\/camping-la-vallee-des-vignes.com\/de\/preise\/#breadcrumb\",\"itemListElement\":[{\"@type\":\"ListItem\",\"position\":1,\"name\":\"Camping Maine-et-Loire\",\"item\":\"https:\/\/camping-la-vallee-des-vignes.com\/de\/\"},{\"@type\":\"ListItem\",\"position\":2,\"name\":\"Preisg\u00fcnstiger Campingplatz in der N\u00e4he von Saumur\"}]},{\"@type\":\"WebSite\",\"@id\":\"https:\/\/camping-la-vallee-des-vignes.com\/#website\",\"url\":\"https:\/\/camping-la-vallee-des-vignes.com\/\",\"name\":\"Camping La Vall\u00e9e des Vignes\",\"description\":\"\",\"publisher\":{\"@id\":\"https:\/\/camping-la-vallee-des-vignes.com\/#organization\"},\"potentialAction\":[{\"@type\":\"SearchAction\",\"target\":{\"@type\":\"EntryPoint\",\"urlTemplate\":\"https:\/\/camping-la-vallee-des-vignes.com\/?s={search_term_string}\"},\"query-input\":{\"@type\":\"PropertyValueSpecification\",\"valueRequired\":true,\"valueName\":\"search_term_string\"}}],\"inLanguage\":\"de\"},{\"@type\":\"Organization\",\"@id\":\"https:\/\/camping-la-vallee-des-vignes.com\/#organization\",\"name\":\"Camping La Vall\u00e9e des Vignes\",\"url\":\"https:\/\/camping-la-vallee-des-vignes.com\/\",\"logo\":{\"@type\":\"ImageObject\",\"inLanguage\":\"de\",\"@id\":\"https:\/\/camping-la-vallee-des-vignes.com\/#\/schema\/logo\/image\/\",\"url\":\"https:\/\/camping-la-vallee-des-vignes.com\/wp-content\/uploads\/2024\/03\/logo-camping-vallee-des-vignes.webp\",\"contentUrl\":\"https:\/\/camping-la-vallee-des-vignes.com\/wp-content\/uploads\/2024\/03\/logo-camping-vallee-des-vignes.webp\",\"width\":500,\"height\":500,\"caption\":\"Camping La Vall\u00e9e des Vignes\"},\"image\":{\"@id\":\"https:\/\/camping-la-vallee-des-vignes.com\/#\/schema\/logo\/image\/\"}}]}<\/script>\n<!-- \/ Yoast SEO plugin. -->","yoast_head_json":{"title":"G\u00fcnstige Campingpl\u00e4tze in der N\u00e4he von Saumur, Maine-et-Loire","description":"Profitieren Sie von Sonderangeboten und einem Aufenthalt zum besten Preis-Leistungs-Verh\u00e4ltnis auf einem Campingplatz in der N\u00e4he von Saumur, im Departement Maine-et-Loire.","robots":{"index":"index","follow":"follow","max-snippet":"max-snippet:-1","max-image-preview":"max-image-preview:large","max-video-preview":"max-video-preview:-1"},"canonical":"https:\/\/camping-la-vallee-des-vignes.com\/de\/preise\/","og_locale":"de_DE","og_type":"article","og_title":"G\u00fcnstige Campingpl\u00e4tze in der N\u00e4he von Saumur, Maine-et-Loire","og_description":"Profitieren Sie von Sonderangeboten und einem Aufenthalt zum besten Preis-Leistungs-Verh\u00e4ltnis auf einem Campingplatz in der N\u00e4he von Saumur, im Departement Maine-et-Loire.","og_url":"https:\/\/camping-la-vallee-des-vignes.com\/de\/preise\/","og_site_name":"Camping La Vall\u00e9e des Vignes","article_modified_time":"2025-01-04T16:46:31+00:00","og_image":[{"width":1920,"height":672,"url":"https:\/\/camping-la-vallee-des-vignes.com\/wp-content\/uploads\/2024\/04\/nature-famille-e1712065830807.webp","type":"image\/webp"}],"twitter_card":"summary_large_image","twitter_misc":{"Gesch\u00e4tzte Lesezeit":"3\u00a0Minuten"},"schema":{"@context":"https:\/\/schema.org","@graph":[{"@type":"WebPage","@id":"https:\/\/camping-la-vallee-des-vignes.com\/de\/preise\/","url":"https:\/\/camping-la-vallee-des-vignes.com\/de\/preise\/","name":"G\u00fcnstige Campingpl\u00e4tze in der N\u00e4he von Saumur, Maine-et-Loire","isPartOf":{"@id":"https:\/\/camping-la-vallee-des-vignes.com\/#website"},"primaryImageOfPage":{"@id":"https:\/\/camping-la-vallee-des-vignes.com\/de\/preise\/#primaryimage"},"image":{"@id":"https:\/\/camping-la-vallee-des-vignes.com\/de\/preise\/#primaryimage"},"thumbnailUrl":"https:\/\/camping-la-vallee-des-vignes.com\/wp-content\/uploads\/2026\/01\/Camping-La-Vallee-des-Vignes-Emplacements-Confort.jpg","datePublished":"2024-03-08T14:45:58+00:00","dateModified":"2025-01-04T16:46:31+00:00","description":"Profitieren Sie von Sonderangeboten und einem Aufenthalt zum besten Preis-Leistungs-Verh\u00e4ltnis auf einem Campingplatz in der N\u00e4he von Saumur, im Departement Maine-et-Loire.","breadcrumb":{"@id":"https:\/\/camping-la-vallee-des-vignes.com\/de\/preise\/#breadcrumb"},"inLanguage":"de","potentialAction":[{"@type":"ReadAction","target":["https:\/\/camping-la-vallee-des-vignes.com\/de\/preise\/"]}]},{"@type":"ImageObject","inLanguage":"de","@id":"https:\/\/camping-la-vallee-des-vignes.com\/de\/preise\/#primaryimage","url":"https:\/\/camping-la-vallee-des-vignes.com\/wp-content\/uploads\/2026\/01\/Camping-La-Vallee-des-Vignes-Emplacements-Confort.jpg","contentUrl":"https:\/\/camping-la-vallee-des-vignes.com\/wp-content\/uploads\/2026\/01\/Camping-La-Vallee-des-Vignes-Emplacements-Confort.jpg","width":1920,"height":1080,"caption":"Camping"},{"@type":"BreadcrumbList","@id":"https:\/\/camping-la-vallee-des-vignes.com\/de\/preise\/#breadcrumb","itemListElement":[{"@type":"ListItem","position":1,"name":"Camping Maine-et-Loire","item":"https:\/\/camping-la-vallee-des-vignes.com\/de\/"},{"@type":"ListItem","position":2,"name":"Preisg\u00fcnstiger Campingplatz in der N\u00e4he von Saumur"}]},{"@type":"WebSite","@id":"https:\/\/camping-la-vallee-des-vignes.com\/#website","url":"https:\/\/camping-la-vallee-des-vignes.com\/","name":"Camping La Vall\u00e9e des Vignes","description":"","publisher":{"@id":"https:\/\/camping-la-vallee-des-vignes.com\/#organization"},"potentialAction":[{"@type":"SearchAction","target":{"@type":"EntryPoint","urlTemplate":"https:\/\/camping-la-vallee-des-vignes.com\/?s={search_term_string}"},"query-input":{"@type":"PropertyValueSpecification","valueRequired":true,"valueName":"search_term_string"}}],"inLanguage":"de"},{"@type":"Organization","@id":"https:\/\/camping-la-vallee-des-vignes.com\/#organization","name":"Camping La Vall\u00e9e des Vignes","url":"https:\/\/camping-la-vallee-des-vignes.com\/","logo":{"@type":"ImageObject","inLanguage":"de","@id":"https:\/\/camping-la-vallee-des-vignes.com\/#\/schema\/logo\/image\/","url":"https:\/\/camping-la-vallee-des-vignes.com\/wp-content\/uploads\/2024\/03\/logo-camping-vallee-des-vignes.webp","contentUrl":"https:\/\/camping-la-vallee-des-vignes.com\/wp-content\/uploads\/2024\/03\/logo-camping-vallee-des-vignes.webp","width":500,"height":500,"caption":"Camping La Vall\u00e9e des Vignes"},"image":{"@id":"https:\/\/camping-la-vallee-des-vignes.com\/#\/schema\/logo\/image\/"}}]}},"_links":{"self":[{"href":"https:\/\/camping-la-vallee-des-vignes.com\/de\/wp-json\/wp\/v2\/pages\/1799","targetHints":{"allow":["GET"]}}],"collection":[{"href":"https:\/\/camping-la-vallee-des-vignes.com\/de\/wp-json\/wp\/v2\/pages"}],"about":[{"href":"https:\/\/camping-la-vallee-des-vignes.com\/de\/wp-json\/wp\/v2\/types\/page"}],"author":[{"embeddable":true,"href":"https:\/\/camping-la-vallee-des-vignes.com\/de\/wp-json\/wp\/v2\/users\/4"}],"replies":[{"embeddable":true,"href":"https:\/\/camping-la-vallee-des-vignes.com\/de\/wp-json\/wp\/v2\/comments?post=1799"}],"version-history":[{"count":5,"href":"https:\/\/camping-la-vallee-des-vignes.com\/de\/wp-json\/wp\/v2\/pages\/1799\/revisions"}],"predecessor-version":[{"id":2296,"href":"https:\/\/camping-la-vallee-des-vignes.com\/de\/wp-json\/wp\/v2\/pages\/1799\/revisions\/2296"}],"wp:featuredmedia":[{"embeddable":true,"href":"https:\/\/camping-la-vallee-des-vignes.com\/de\/wp-json\/wp\/v2\/media\/2610"}],"wp:attachment":[{"href":"https:\/\/camping-la-vallee-des-vignes.com\/de\/wp-json\/wp\/v2\/media?parent=1799"}],"wp:term":[{"taxonomy":"sujet","embeddable":true,"href":"https:\/\/camping-la-vallee-des-vignes.com\/de\/wp-json\/wp\/v2\/sujet?post=1799"}],"curies":[{"name":"wp","href":"https:\/\/api.w.org\/{rel}","templated":true}]}}